{"id":809,"date":"2024-04-23T16:11:37","date_gmt":"2024-04-23T14:11:37","guid":{"rendered":"https:\/\/www2.cms.hu-berlin.de\/queer-reading\/?page_id=809"},"modified":"2024-05-16T11:50:51","modified_gmt":"2024-05-16T09:50:51","slug":"impressum","status":"publish","type":"page","link":"https:\/\/www2.cms.hu-berlin.de\/queer-reading\/impressum\/","title":{"rendered":"Impressum"},"content":{"rendered":"\t\t<div data-elementor-type=\"wp-page\" data-elementor-id=\"809\" class=\"elementor elementor-809\">\n\t\t\t\t<div class=\"elementor-element elementor-element-b797fe6 e-flex e-con-boxed e-con e-parent\" data-id=\"b797fe6\" data-element_type=\"container\" data-e-type=\"container\" data-settings=\"{&quot;_ob_use_container_extras&quot;:&quot;no&quot;,&quot;_ob_column_hoveranimator&quot;:&quot;no&quot;,&quot;_ob_glider_is_slider&quot;:&quot;no&quot;,&quot;_ob_column_has_pseudo&quot;:&quot;no&quot;}\">\n\t\t\t\t\t<div class=\"e-con-inner\">\n\t\t\t\t<div class=\"elementor-element elementor-element-e134913 ob-harakiri-inherit ob-has-background-overlay elementor-widget elementor-widget-heading\" data-id=\"e134913\" data-element_type=\"widget\" data-e-type=\"widget\" data-settings=\"{&quot;_ob_use_harakiri&quot;:&quot;yes&quot;,&quot;_ob_harakiri_writing_mode&quot;:&quot;inherit&quot;,&quot;_ob_harakiri_text_clip&quot;:&quot;none&quot;,&quot;_ob_perspektive_use&quot;:&quot;no&quot;,&quot;_ob_poopart_use&quot;:&quot;yes&quot;,&quot;_ob_shadough_use&quot;:&quot;no&quot;,&quot;_ob_allow_hoveranimator&quot;:&quot;no&quot;,&quot;_ob_widget_stalker_use&quot;:&quot;no&quot;}\" data-widget_type=\"heading.default\">\n\t\t\t\t<div class=\"elementor-widget-container\">\n\t\t\t\t\t<h2 class=\"elementor-heading-title elementor-size-default\">Impressum<\/h2>\t\t\t\t<\/div>\n\t\t\t\t<\/div>\n\t\t\t\t\t<\/div>\n\t\t\t\t<\/div>\n\t\t<div class=\"elementor-element elementor-element-2129a50 e-flex e-con-boxed e-con e-parent\" data-id=\"2129a50\" data-element_type=\"container\" data-e-type=\"container\" data-settings=\"{&quot;_ob_use_container_extras&quot;:&quot;no&quot;,&quot;_ob_column_hoveranimator&quot;:&quot;no&quot;,&quot;_ob_glider_is_slider&quot;:&quot;no&quot;,&quot;_ob_column_has_pseudo&quot;:&quot;no&quot;}\">\n\t\t\t\t\t<div class=\"e-con-inner\">\n\t\t\t\t<div class=\"elementor-element elementor-element-51bbe6e animated-slow ob-harakiri-inherit elementor-invisible ob-has-background-overlay elementor-widget elementor-widget-text-editor\" data-id=\"51bbe6e\" data-element_type=\"widget\" data-e-type=\"widget\" data-settings=\"{&quot;_animation&quot;:&quot;fadeIn&quot;,&quot;_ob_use_harakiri&quot;:&quot;yes&quot;,&quot;_ob_harakiri_writing_mode&quot;:&quot;inherit&quot;,&quot;_ob_perspektive_use&quot;:&quot;no&quot;,&quot;_ob_poopart_use&quot;:&quot;yes&quot;,&quot;_ob_shadough_use&quot;:&quot;no&quot;,&quot;_ob_allow_hoveranimator&quot;:&quot;no&quot;,&quot;_ob_widget_stalker_use&quot;:&quot;no&quot;}\" data-widget_type=\"text-editor.default\">\n\t\t\t\t<div class=\"elementor-widget-container\">\n\t\t\t\t\t\t\t\t\t<p>Forschungsstelle Kulturgeschichte der Sexualit\u00e4t<\/p><p>an der Humboldt-Universit\u00e4t zu Berlin<br \/>Unter den Linden 6<br \/>10099 Berlin<br \/>Vertreten durch:<br \/>Prof. Dr. Andreas Kra\u00df<\/p><p>\u00a0<\/p><p>Kontakt<br \/>Telefon: +49 30 2093-70682\/70655<br \/>E-Mail: kulturgeschichte-sexualitaet@hu-berlin.de<\/p><p>\u00a0<\/p><p>Redaktionell verantwortlich:<br \/>Prof. Dr. Andreas Kra\u00df<\/p>\t\t\t\t\t\t\t\t<\/div>\n\t\t\t\t<\/div>\n\t\t\t\t\t<\/div>\n\t\t\t\t<\/div>\n\t\t<div class=\"elementor-element elementor-element-1d2d39d e-flex e-con-boxed e-con e-parent\" data-id=\"1d2d39d\" data-element_type=\"container\" data-e-type=\"container\" data-settings=\"{&quot;_ob_use_container_extras&quot;:&quot;no&quot;,&quot;_ob_column_hoveranimator&quot;:&quot;no&quot;,&quot;_ob_glider_is_slider&quot;:&quot;no&quot;,&quot;_ob_column_has_pseudo&quot;:&quot;no&quot;}\">\n\t\t\t\t\t<div class=\"e-con-inner\">\n\t\t\t\t<div class=\"elementor-element elementor-element-5391f64 ob-has-background-overlay elementor-widget elementor-widget-spacer\" data-id=\"5391f64\" data-element_type=\"widget\" data-e-type=\"widget\" data-settings=\"{&quot;_ob_spacerat_use&quot;:&quot;no&quot;,&quot;_ob_perspektive_use&quot;:&quot;no&quot;,&quot;_ob_poopart_use&quot;:&quot;yes&quot;,&quot;_ob_shadough_use&quot;:&quot;no&quot;,&quot;_ob_allow_hoveranimator&quot;:&quot;no&quot;,&quot;_ob_widget_stalker_use&quot;:&quot;no&quot;}\" data-widget_type=\"spacer.default\">\n\t\t\t\t<div class=\"elementor-widget-container\">\n\t\t\t\t\t\t\t<div class=\"elementor-spacer\">\n\t\t\t<div class=\"elementor-spacer-inner\"><\/div>\n\t\t<\/div>\n\t\t\t\t\t\t<\/div>\n\t\t\t\t<\/div>\n\t\t\t\t\t<\/div>\n\t\t\t\t<\/div>\n\t\t\t\t<\/div>\n\t\t","protected":false},"excerpt":{"rendered":"<p>Impressum Forschungsstelle Kulturgeschichte der Sexualit\u00e4t an der Humboldt-Universit\u00e4t zu BerlinUnter den Linden 610099 BerlinVertreten durch:Prof. Dr. Andreas Kra\u00df \u00a0 KontaktTelefon: +49 30 2093-70682\/70655E-Mail: kulturgeschichte-sexualitaet@hu-berlin.de \u00a0 Redaktionell verantwortlich:Prof. Dr. Andreas Kra\u00df<\/p>\n","protected":false},"author":1,"featured_media":0,"parent":0,"menu_order":0,"comment_status":"closed","ping_status":"closed","template":"","meta":{"footnotes":""},"class_list":["post-809","page","type-page","status-publish","hentry"],"_links":{"self":[{"href":"https:\/\/www2.cms.hu-berlin.de\/queer-reading\/wp-json\/wp\/v2\/pages\/809","targetHints":{"allow":["GET"]}}],"collection":[{"href":"https:\/\/www2.cms.hu-berlin.de\/queer-reading\/wp-json\/wp\/v2\/pages"}],"about":[{"href":"https:\/\/www2.cms.hu-berlin.de\/queer-reading\/wp-json\/wp\/v2\/types\/page"}],"author":[{"embeddable":true,"href":"https:\/\/www2.cms.hu-berlin.de\/queer-reading\/wp-json\/wp\/v2\/users\/1"}],"replies":[{"embeddable":true,"href":"https:\/\/www2.cms.hu-berlin.de\/queer-reading\/wp-json\/wp\/v2\/comments?post=809"}],"version-history":[{"count":16,"href":"https:\/\/www2.cms.hu-berlin.de\/queer-reading\/wp-json\/wp\/v2\/pages\/809\/revisions"}],"predecessor-version":[{"id":1710,"href":"https:\/\/www2.cms.hu-berlin.de\/queer-reading\/wp-json\/wp\/v2\/pages\/809\/revisions\/1710"}],"wp:attachment":[{"href":"https:\/\/www2.cms.hu-berlin.de\/queer-reading\/wp-json\/wp\/v2\/media?parent=809"}],"curies":[{"name":"wp","href":"https:\/\/api.w.org\/{rel}","templated":true}]}}