{"id":738,"date":"2024-04-23T15:05:45","date_gmt":"2024-04-23T13:05:45","guid":{"rendered":"https:\/\/www2.cms.hu-berlin.de\/queer-reading\/?page_id=738"},"modified":"2025-11-14T15:23:15","modified_gmt":"2025-11-14T14:23:15","slug":"magnus-hirschfeld","status":"publish","type":"page","link":"https:\/\/www2.cms.hu-berlin.de\/queer-reading\/magnus-hirschfeld\/","title":{"rendered":"Magnus Hirschfeld"},"content":{"rendered":"\t\t<div data-elementor-type=\"wp-page\" data-elementor-id=\"738\" class=\"elementor elementor-738\">\n\t\t\t\t<div class=\"elementor-element elementor-element-5e17372 e-flex e-con-boxed e-con e-parent\" data-id=\"5e17372\" data-element_type=\"container\" data-e-type=\"container\" data-settings=\"{&quot;_ob_use_container_extras&quot;:&quot;no&quot;,&quot;_ob_column_hoveranimator&quot;:&quot;no&quot;,&quot;_ob_glider_is_slider&quot;:&quot;no&quot;,&quot;_ob_column_has_pseudo&quot;:&quot;no&quot;}\">\n\t\t\t\t\t<div class=\"e-con-inner\">\n\t\t\t\t<div class=\"elementor-element elementor-element-5514c7e ob-has-background-overlay elementor-widget elementor-widget-tp-smooth-scroll\" data-id=\"5514c7e\" data-element_type=\"widget\" data-e-type=\"widget\" data-settings=\"{&quot;_ob_perspektive_use&quot;:&quot;no&quot;,&quot;_ob_poopart_use&quot;:&quot;yes&quot;,&quot;_ob_shadough_use&quot;:&quot;no&quot;,&quot;_ob_allow_hoveranimator&quot;:&quot;no&quot;,&quot;_ob_widget_stalker_use&quot;:&quot;no&quot;}\" data-widget_type=\"tp-smooth-scroll.default\">\n\t\t\t\t<div class=\"elementor-widget-container\">\n\t\t\t\t\t<div class=\"plus-smooth-scroll\" data-scroll-type=\"basic\" data-frameRate=\"144\" data-animationTime=\"1100\" data-stepSize=\"157\" data-pulseAlgorithm=\"1\" data-pulseScale=\"4\" data-pulseNormalize=\"1\" data-accelerationDelta=\"50\" data-accelerationMax=\"3\" data-keyboardSupport=\"1\" data-arrowScroll=\"50\" data-touchpadSupport=\"0\" data-fixedBackground=\"1\" data-basicdata=\"{&quot;Browsers&quot;:[&quot;ieWin7&quot;,&quot;chrome&quot;,&quot;firefox&quot;,&quot;safari&quot;]}\"   data-tablet-off=&quot;no&quot; ><script>var smoothAllowedBrowsers = [\"ieWin7\",\"chrome\",\"firefox\",\"safari\"]<\/script><\/div>\t\t\t\t<\/div>\n\t\t\t\t<\/div>\n\t\t\t\t<div class=\"elementor-element elementor-element-34993fe elementor-widget__width-initial elementor-widget-mobile__width-initial ob-harakiri-inherit ob-has-background-overlay elementor-widget elementor-widget-heading\" data-id=\"34993fe\" data-element_type=\"widget\" data-e-type=\"widget\" data-settings=\"{&quot;_ob_use_harakiri&quot;:&quot;yes&quot;,&quot;_ob_harakiri_writing_mode&quot;:&quot;inherit&quot;,&quot;_ob_harakiri_text_clip&quot;:&quot;none&quot;,&quot;_ob_perspektive_use&quot;:&quot;no&quot;,&quot;_ob_poopart_use&quot;:&quot;yes&quot;,&quot;_ob_shadough_use&quot;:&quot;no&quot;,&quot;_ob_allow_hoveranimator&quot;:&quot;no&quot;,&quot;_ob_widget_stalker_use&quot;:&quot;no&quot;}\" data-widget_type=\"heading.default\">\n\t\t\t\t<div class=\"elementor-widget-container\">\n\t\t\t\t\t<h1 class=\"elementor-heading-title elementor-size-default\">Magnus Hirschfeld in der erz\u00e4hlenden Literatur<\/h1>\t\t\t\t<\/div>\n\t\t\t\t<\/div>\n\t\t\t\t\t<\/div>\n\t\t\t\t<\/div>\n\t\t<div class=\"elementor-element elementor-element-c902ac0 e-flex e-con-boxed e-con e-parent\" data-id=\"c902ac0\" data-element_type=\"container\" data-e-type=\"container\" data-settings=\"{&quot;_ob_use_container_extras&quot;:&quot;no&quot;,&quot;_ob_column_hoveranimator&quot;:&quot;no&quot;,&quot;_ob_glider_is_slider&quot;:&quot;no&quot;,&quot;_ob_column_has_pseudo&quot;:&quot;no&quot;}\">\n\t\t\t\t\t<div class=\"e-con-inner\">\n\t\t\t\t<div class=\"elementor-element elementor-element-00a4f70 animated-slow ob-harakiri-inherit elementor-invisible ob-has-background-overlay elementor-widget elementor-widget-text-editor\" data-id=\"00a4f70\" data-element_type=\"widget\" data-e-type=\"widget\" data-settings=\"{&quot;_animation&quot;:&quot;fadeIn&quot;,&quot;_ob_use_harakiri&quot;:&quot;yes&quot;,&quot;_ob_harakiri_writing_mode&quot;:&quot;inherit&quot;,&quot;_ob_perspektive_use&quot;:&quot;no&quot;,&quot;_ob_poopart_use&quot;:&quot;yes&quot;,&quot;_ob_shadough_use&quot;:&quot;no&quot;,&quot;_ob_allow_hoveranimator&quot;:&quot;no&quot;,&quot;_ob_widget_stalker_use&quot;:&quot;no&quot;}\" data-widget_type=\"text-editor.default\">\n\t\t\t\t<div class=\"elementor-widget-container\">\n\t\t\t\t\t\t\t\t\t<p>Der j\u00fcdische Arzt und Sexualwissenschaftler Magnus Hirschfeld (1868-1935) ist einer der bekanntesten Aktivist:innen der ersten queeren Emanzipationsbewegung in Deutschland. Mit dem Wissenschaftlich-humanit\u00e4ren Komitee (1897\u20131933), das f\u00fcr die Abschaffung des Paragraphen 175 k\u00e4mpfte, sowie dem Institut f\u00fcr Sexualwissenschaft (1919\u20131933) gr\u00fcndete er zwei zentrale Institutionen f\u00fcr das Streben von queeren und trans* Menschen nach rechtlicher und gesellschaftlicher Gleichberechtigung und Anerkennung. Er ver\u00f6ffentlichte zahlreiche B\u00fccher und pr\u00e4gte mit seiner Theorie des \u201adritten Geschlechts\u2018 sowie der Lehre der \u201asexuellen Zwischenstufen\u2018 den wissenschaftlichen und gesellschaftlichen Diskurs \u00fcber Sexualit\u00e4t. Der Einfluss seiner Schriften auf Autor:innen der Weimarer Republik, wie etwa Thomas Mann, wird noch immer teils untersch\u00e4tzt.<\/p>\t\t\t\t\t\t\t\t<\/div>\n\t\t\t\t<\/div>\n\t\t\t\t<div class=\"elementor-element elementor-element-8f3b339 elementor-icon-list--layout-traditional elementor-list-item-link-full_width ob-has-background-overlay elementor-widget elementor-widget-icon-list\" data-id=\"8f3b339\" data-element_type=\"widget\" data-e-type=\"widget\" data-settings=\"{&quot;_ob_perspektive_use&quot;:&quot;no&quot;,&quot;_ob_poopart_use&quot;:&quot;yes&quot;,&quot;_ob_shadough_use&quot;:&quot;no&quot;,&quot;_ob_allow_hoveranimator&quot;:&quot;no&quot;,&quot;_ob_widget_stalker_use&quot;:&quot;no&quot;}\" data-widget_type=\"icon-list.default\">\n\t\t\t\t<div class=\"elementor-widget-container\">\n\t\t\t\t\t\t\t<ul class=\"elementor-icon-list-items\">\n\t\t\t\t\t\t\t<li class=\"elementor-icon-list-item\">\n\t\t\t\t\t\t\t\t\t\t\t<a href=\"https:\/\/geschichtedergegenwart.ch\/thomas-mann-und-magnus-hirschfeld\/\" target=\"_blank\">\n\n\t\t\t\t\t\t\t\t\t\t\t\t<span class=\"elementor-icon-list-icon\">\n\t\t\t\t\t\t\t<svg aria-hidden=\"true\" class=\"e-font-icon-svg e-fas-chevron-right\" viewBox=\"0 0 320 512\" xmlns=\"http:\/\/www.w3.org\/2000\/svg\"><path d=\"M285.476 272.971L91.132 467.314c-9.373 9.373-24.569 9.373-33.941 0l-22.667-22.667c-9.357-9.357-9.375-24.522-.04-33.901L188.505 256 34.484 101.255c-9.335-9.379-9.317-24.544.04-33.901l22.667-22.667c9.373-9.373 24.569-9.373 33.941 0L285.475 239.03c9.373 9.372 9.373 24.568.001 33.941z\"><\/path><\/svg>\t\t\t\t\t\t<\/span>\n\t\t\t\t\t\t\t\t\t\t<span class=\"elementor-icon-list-text\">Link zum Artikel \u201aThomas Mann und Magnus Hirschfeld\u2018<\/span>\n\t\t\t\t\t\t\t\t\t\t\t<\/a>\n\t\t\t\t\t\t\t\t\t<\/li>\n\t\t\t\t\t\t<\/ul>\n\t\t\t\t\t\t<\/div>\n\t\t\t\t<\/div>\n\t\t\t\t<div class=\"elementor-element elementor-element-a06cb7b animated-slow ob-harakiri-inherit elementor-invisible ob-has-background-overlay elementor-widget elementor-widget-text-editor\" data-id=\"a06cb7b\" data-element_type=\"widget\" data-e-type=\"widget\" data-settings=\"{&quot;_animation&quot;:&quot;fadeIn&quot;,&quot;_ob_use_harakiri&quot;:&quot;yes&quot;,&quot;_ob_harakiri_writing_mode&quot;:&quot;inherit&quot;,&quot;_ob_perspektive_use&quot;:&quot;no&quot;,&quot;_ob_poopart_use&quot;:&quot;yes&quot;,&quot;_ob_shadough_use&quot;:&quot;no&quot;,&quot;_ob_allow_hoveranimator&quot;:&quot;no&quot;,&quot;_ob_widget_stalker_use&quot;:&quot;no&quot;}\" data-widget_type=\"text-editor.default\">\n\t\t\t\t<div class=\"elementor-widget-container\">\n\t\t\t\t\t\t\t\t\t<p>Hirschfeld wurde erstmals einer gr\u00f6\u00dferen \u00d6ffentlichkeit bekannt, als er im Harden-Eulenburg-Prozess, der von 1907 bis 1909 das Deutsche Reich bewegte, als Sachverst\u00e4ndiger auftrat. Der popul\u00e4re Berliner S\u00e4nger Otto Reutter nahm 1908 Hirschfelds Auftritt zum Anlass, das satirische <em>Hirschfeldlied<\/em> auf ihn zu dichten. Aus demselben Jahr stammt der anonym ver\u00f6ffentlichte Gesellschaftsroman <em>Liebchen<\/em>, der ebenfalls auf den Harden-Eulenberg-Prozess Bezug nimmt. Er bildet den Anfang einer langen, bis in die Gegenwart reichende Reihe literarischer Erz\u00e4hlungen, die Hirschfeld erw\u00e4hnen oder als handelnde Figur auftreten lassen, sei es unter eigenem oder abgewandeltem Namen.<\/p>\t\t\t\t\t\t\t\t<\/div>\n\t\t\t\t<\/div>\n\t\t\t\t\t<\/div>\n\t\t\t\t<\/div>\n\t\t<div class=\"elementor-element elementor-element-96664f6 animated-slow e-flex e-con-boxed elementor-invisible e-con e-parent\" data-id=\"96664f6\" data-element_type=\"container\" data-e-type=\"container\" data-settings=\"{&quot;background_background&quot;:&quot;classic&quot;,&quot;animation&quot;:&quot;fadeIn&quot;,&quot;_ob_use_container_extras&quot;:&quot;no&quot;,&quot;_ob_column_hoveranimator&quot;:&quot;no&quot;,&quot;_ob_glider_is_slider&quot;:&quot;no&quot;,&quot;_ob_column_has_pseudo&quot;:&quot;no&quot;}\">\n\t\t\t\t\t<div class=\"e-con-inner\">\n\t\t<div class=\"elementor-element elementor-element-6251a26 e-flex e-con-boxed e-con e-child\" data-id=\"6251a26\" data-element_type=\"container\" data-e-type=\"container\" data-settings=\"{&quot;_ob_use_container_extras&quot;:&quot;no&quot;,&quot;_ob_column_hoveranimator&quot;:&quot;no&quot;,&quot;_ob_glider_is_slider&quot;:&quot;no&quot;,&quot;_ob_column_has_pseudo&quot;:&quot;no&quot;}\">\n\t\t\t\t\t<div class=\"e-con-inner\">\n\t\t\t\t<div class=\"elementor-element elementor-element-7e6798d ob-has-background-overlay elementor-widget elementor-widget-tp-image-factory\" data-id=\"7e6798d\" data-element_type=\"widget\" data-e-type=\"widget\" data-settings=\"{&quot;_ob_perspektive_use&quot;:&quot;no&quot;,&quot;_ob_poopart_use&quot;:&quot;yes&quot;,&quot;_ob_shadough_use&quot;:&quot;no&quot;,&quot;_ob_allow_hoveranimator&quot;:&quot;no&quot;,&quot;_ob_widget_stalker_use&quot;:&quot;no&quot;}\" data-widget_type=\"tp-image-factory.default\">\n\t\t\t\t<div class=\"elementor-widget-container\">\n\t\t\t\t\t<div id=\"plus69d53ec879d74\" class=\"pt-plus-animated-image-wrapper     \" ><div class=\"animated-image-parallax   \" ><div class=\"pt_plus_animated_image bg-image69d53ec879d71 text-center  \"  > <figure class=\"     \"  ><div class=\"vc_single_image-wrapper  scroll-image-wrap \"><div class=\"creative-scroll-image\" style=\"background-image: url(https:\/\/www2.cms.hu-berlin.de\/queer-reading\/wp-content\/uploads\/2024\/01\/World_League_for_Sexual_Reform_conference_B-1.jpg)\"><\/div><\/div> <\/figure> <\/div><\/div><\/div>\t\t\t\t<\/div>\n\t\t\t\t<\/div>\n\t\t\t\t<div class=\"elementor-element elementor-element-56dc077 animated-slow ob-harakiri-inherit elementor-invisible ob-has-background-overlay elementor-widget elementor-widget-text-editor\" data-id=\"56dc077\" data-element_type=\"widget\" data-e-type=\"widget\" data-settings=\"{&quot;_animation&quot;:&quot;fadeIn&quot;,&quot;_ob_use_harakiri&quot;:&quot;yes&quot;,&quot;_ob_harakiri_writing_mode&quot;:&quot;inherit&quot;,&quot;_ob_perspektive_use&quot;:&quot;no&quot;,&quot;_ob_poopart_use&quot;:&quot;yes&quot;,&quot;_ob_shadough_use&quot;:&quot;no&quot;,&quot;_ob_allow_hoveranimator&quot;:&quot;no&quot;,&quot;_ob_widget_stalker_use&quot;:&quot;no&quot;}\" data-widget_type=\"text-editor.default\">\n\t\t\t\t<div class=\"elementor-widget-container\">\n\t\t\t\t\t\t\t\t\t<p>Magnus Hirschfeld (re.) mit seinem Partner Li Shiu Tong 1932 in Brno. CC BY 4.0<\/p>\t\t\t\t\t\t\t\t<\/div>\n\t\t\t\t<\/div>\n\t\t\t\t\t<\/div>\n\t\t\t\t<\/div>\n\t\t\t\t\t<\/div>\n\t\t\t\t<\/div>\n\t\t<div class=\"elementor-element elementor-element-0e8e03c e-flex e-con-boxed e-con e-parent\" data-id=\"0e8e03c\" data-element_type=\"container\" data-e-type=\"container\" data-settings=\"{&quot;_ob_use_container_extras&quot;:&quot;no&quot;,&quot;_ob_column_hoveranimator&quot;:&quot;no&quot;,&quot;_ob_glider_is_slider&quot;:&quot;no&quot;,&quot;_ob_column_has_pseudo&quot;:&quot;no&quot;}\">\n\t\t\t\t\t<div class=\"e-con-inner\">\n\t\t\t\t<div class=\"elementor-element elementor-element-cc1c3b4 animated-slow ob-harakiri-inherit elementor-invisible ob-has-background-overlay elementor-widget elementor-widget-text-editor\" data-id=\"cc1c3b4\" data-element_type=\"widget\" data-e-type=\"widget\" data-settings=\"{&quot;_animation&quot;:&quot;fadeIn&quot;,&quot;_ob_use_harakiri&quot;:&quot;yes&quot;,&quot;_ob_harakiri_writing_mode&quot;:&quot;inherit&quot;,&quot;_ob_perspektive_use&quot;:&quot;no&quot;,&quot;_ob_poopart_use&quot;:&quot;yes&quot;,&quot;_ob_shadough_use&quot;:&quot;no&quot;,&quot;_ob_allow_hoveranimator&quot;:&quot;no&quot;,&quot;_ob_widget_stalker_use&quot;:&quot;no&quot;}\" data-widget_type=\"text-editor.default\">\n\t\t\t\t<div class=\"elementor-widget-container\">\n\t\t\t\t\t\t\t\t\t<p>Dieser literaturgeschichtliche Befund ist im Zusammenhang der Rechtsgeschichte zu sehen. Denn der Paragraph 175, der praktizierte Homosexualit\u00e4t zwischen M\u00e4nnern unter Strafe stellte, beeinflusste die Art und Weise, wie \u00fcber m\u00e4nnliche \u2013 und weibliche \u2013 Homosexualit\u00e4t geschrieben wurde. Dementsprechend l\u00e4sst sich die Geschichte der literarischen Erz\u00e4hlungen, die auf Magnus Hirschfeld Bezug nehmen, in drei Abschnitte einteilen: die Phase des Ruhms, die mit der ersten Fassung des Paragraphen 175 (1872-1935) korrespondiert, die Phase des Vergessens, die mit der versch\u00e4rften Fassung des Paragraphen (1935-1969) einhergeht und noch viele Jahrzehnte nachwirkte, und die Phase der Wiederentdeckung, die durch die Abschaffung des Paragraphen (1994) und die nachfolgenden Entwicklungen beg\u00fcnstigt wurde. Aus der DDR sind bislang keine Hirschfeld-Erz\u00e4hlungen bekannt. Klicken Sie sich durch die Timeline, um mehr \u00fcber Magnus Hirschfeld in der erz\u00e4hlenden Literatur zu erfahren.<\/p>\t\t\t\t\t\t\t\t<\/div>\n\t\t\t\t<\/div>\n\t\t\t\t\t<\/div>\n\t\t\t\t<\/div>\n\t\t<div class=\"elementor-element elementor-element-c5b0a53 e-con-full animated-slow e-flex elementor-invisible e-con e-parent\" data-id=\"c5b0a53\" data-element_type=\"container\" data-e-type=\"container\" data-settings=\"{&quot;background_background&quot;:&quot;classic&quot;,&quot;animation&quot;:&quot;fadeIn&quot;,&quot;_ob_use_container_extras&quot;:&quot;no&quot;,&quot;_ob_column_hoveranimator&quot;:&quot;no&quot;,&quot;_ob_glider_is_slider&quot;:&quot;no&quot;,&quot;_ob_column_has_pseudo&quot;:&quot;no&quot;}\">\n\t\t<div class=\"elementor-element elementor-element-e03b79b e-flex e-con-boxed e-con e-child\" data-id=\"e03b79b\" data-element_type=\"container\" data-e-type=\"container\" data-settings=\"{&quot;_ob_use_container_extras&quot;:&quot;no&quot;,&quot;_ob_column_hoveranimator&quot;:&quot;no&quot;,&quot;_ob_glider_is_slider&quot;:&quot;no&quot;,&quot;_ob_column_has_pseudo&quot;:&quot;no&quot;}\">\n\t\t\t\t\t<div class=\"e-con-inner\">\n\t\t\t\t<div class=\"elementor-element elementor-element-da2b181 ob-has-background-overlay elementor-widget elementor-widget-html\" data-id=\"da2b181\" data-element_type=\"widget\" data-e-type=\"widget\" data-settings=\"{&quot;_ob_perspektive_use&quot;:&quot;no&quot;,&quot;_ob_poopart_use&quot;:&quot;yes&quot;,&quot;_ob_shadough_use&quot;:&quot;no&quot;,&quot;_ob_allow_hoveranimator&quot;:&quot;no&quot;,&quot;_ob_widget_stalker_use&quot;:&quot;no&quot;}\" data-widget_type=\"html.default\">\n\t\t\t\t<div class=\"elementor-widget-container\">\n\t\t\t\t\t<iframe src='https:\/\/cdn.knightlab.com\/libs\/timeline3\/latest\/embed\/index.html?source=v2%3A2PACX-1vRH4xzAFCyb0aEfEYIuJE0Q61_jtXnKCV45hD7Xc5_Xpkf5gXK2dnqRRQgEZ3CfOPWmOy2U7uP2u-lj&font=Default&lang=en&initial_zoom=2&width=100%25&height=650' width='100%' height='650' webkitallowfullscreen mozallowfullscreen allowfullscreen frameborder='0'><\/iframe>\t\t\t\t<\/div>\n\t\t\t\t<\/div>\n\t\t\t\t\t<\/div>\n\t\t\t\t<\/div>\n\t\t\t\t<\/div>\n\t\t<div class=\"elementor-element elementor-element-099945d e-flex e-con-boxed e-con e-parent\" data-id=\"099945d\" data-element_type=\"container\" data-e-type=\"container\" data-settings=\"{&quot;_ob_use_container_extras&quot;:&quot;no&quot;,&quot;_ob_column_hoveranimator&quot;:&quot;no&quot;,&quot;_ob_glider_is_slider&quot;:&quot;no&quot;,&quot;_ob_column_has_pseudo&quot;:&quot;no&quot;}\">\n\t\t\t\t\t<div class=\"e-con-inner\">\n\t\t\t\t<div class=\"elementor-element elementor-element-71e9abb animated-slow ob-harakiri-inherit elementor-invisible ob-has-background-overlay elementor-widget elementor-widget-text-editor\" data-id=\"71e9abb\" data-element_type=\"widget\" data-e-type=\"widget\" data-settings=\"{&quot;_animation&quot;:&quot;fadeIn&quot;,&quot;_ob_use_harakiri&quot;:&quot;yes&quot;,&quot;_ob_harakiri_writing_mode&quot;:&quot;inherit&quot;,&quot;_ob_perspektive_use&quot;:&quot;no&quot;,&quot;_ob_poopart_use&quot;:&quot;yes&quot;,&quot;_ob_shadough_use&quot;:&quot;no&quot;,&quot;_ob_allow_hoveranimator&quot;:&quot;no&quot;,&quot;_ob_widget_stalker_use&quot;:&quot;no&quot;}\" data-widget_type=\"text-editor.default\">\n\t\t\t\t<div class=\"elementor-widget-container\">\n\t\t\t\t\t\t\t\t\t<p>Antisemitismus und Homophobie waren Hirschfelds unerbittlichen Feinde, und sie arbeiteten Hand in Hand. Als homosexueller Jude war Hirschfeld schon w\u00e4hrend der Weimarer Republik ins Fadenkreuz der Nationalsozialisten geraten. Die medienwirksame Zerst\u00f6rung seines Instituts und seiner Bibliothek war einer der ersten Pl\u00e4ne, die die Nationalsozialisten in die Tat umsetzten, als sie am 30. Januar 1933 an die Macht kamen. Wie sich an der Geschichte des Paragraphen 175 ablesen l\u00e4sst, setzte sich die staatliche Homophobie in den ersten zwei Jahrzehnten der Bundesrepublik Deutschland fort. Als Juden h\u00e4tte man Hirschfeld rehabilitieren k\u00f6nnen, doch seine Homosexualit\u00e4t und seine liberalen Auffassungen zur Sexualit\u00e4t standen dem Ansinnen der Adenauer-\u00c4ra entgegen, die neue Republik moralisch zu rechtfertigen. Die Situation entspannte sich erst sp\u00e4t und nur allm\u00e4hlich: durch die Entsch\u00e4rfung des Paragraphen 175 im Jahr 1969, durch seine Abschaffung im Jahr 1994, durch die Einf\u00fchrung der Eingetragenen Lebenspartnerschaft im Jahr 2001 und durch die \u00d6ffnung der Ehe f\u00fcr gleichgeschlechtliche Paare im Jahr 2017.<\/p>\t\t\t\t\t\t\t\t<\/div>\n\t\t\t\t<\/div>\n\t\t\t\t<div class=\"elementor-element elementor-element-37a681b animated-slow ob-harakiri-inherit elementor-invisible ob-has-background-overlay elementor-widget elementor-widget-text-editor\" data-id=\"37a681b\" data-element_type=\"widget\" data-e-type=\"widget\" data-settings=\"{&quot;_animation&quot;:&quot;fadeIn&quot;,&quot;_ob_use_harakiri&quot;:&quot;yes&quot;,&quot;_ob_harakiri_writing_mode&quot;:&quot;inherit&quot;,&quot;_ob_perspektive_use&quot;:&quot;no&quot;,&quot;_ob_poopart_use&quot;:&quot;yes&quot;,&quot;_ob_shadough_use&quot;:&quot;no&quot;,&quot;_ob_allow_hoveranimator&quot;:&quot;no&quot;,&quot;_ob_widget_stalker_use&quot;:&quot;no&quot;}\" data-widget_type=\"text-editor.default\">\n\t\t\t\t<div class=\"elementor-widget-container\">\n\t\t\t\t\t\t\t\t\t<p>Text: Andreas Kra\u00df. Digitale Umsetzung: Bogdan Burghelea, Mitarbeit: Liesa Hellmann.<\/p>\t\t\t\t\t\t\t\t<\/div>\n\t\t\t\t<\/div>\n\t\t\t\t\t<\/div>\n\t\t\t\t<\/div>\n\t\t\t\t<\/div>\n\t\t","protected":false},"excerpt":{"rendered":"<p>Magnus Hirschfeld in der erz\u00e4hlenden Literatur Der j\u00fcdische Arzt und Sexualwissenschaftler Magnus Hirschfeld (1868-1935) ist einer der bekanntesten Aktivist:innen der ersten queeren Emanzipationsbewegung in Deutschland. Mit dem Wissenschaftlich-humanit\u00e4ren Komitee (1897\u20131933), das f\u00fcr die Abschaffung des Paragraphen 175 k\u00e4mpfte, sowie dem Institut f\u00fcr Sexualwissenschaft (1919\u20131933) gr\u00fcndete er zwei zentrale Institutionen f\u00fcr das Streben von queeren und [&hellip;]<\/p>\n","protected":false},"author":1,"featured_media":0,"parent":0,"menu_order":0,"comment_status":"closed","ping_status":"closed","template":"elementor_header_footer","meta":{"footnotes":""},"class_list":["post-738","page","type-page","status-publish","hentry"],"_links":{"self":[{"href":"https:\/\/www2.cms.hu-berlin.de\/queer-reading\/wp-json\/wp\/v2\/pages\/738","targetHints":{"allow":["GET"]}}],"collection":[{"href":"https:\/\/www2.cms.hu-berlin.de\/queer-reading\/wp-json\/wp\/v2\/pages"}],"about":[{"href":"https:\/\/www2.cms.hu-berlin.de\/queer-reading\/wp-json\/wp\/v2\/types\/page"}],"author":[{"embeddable":true,"href":"https:\/\/www2.cms.hu-berlin.de\/queer-reading\/wp-json\/wp\/v2\/users\/1"}],"replies":[{"embeddable":true,"href":"https:\/\/www2.cms.hu-berlin.de\/queer-reading\/wp-json\/wp\/v2\/comments?post=738"}],"version-history":[{"count":50,"href":"https:\/\/www2.cms.hu-berlin.de\/queer-reading\/wp-json\/wp\/v2\/pages\/738\/revisions"}],"predecessor-version":[{"id":4684,"href":"https:\/\/www2.cms.hu-berlin.de\/queer-reading\/wp-json\/wp\/v2\/pages\/738\/revisions\/4684"}],"wp:attachment":[{"href":"https:\/\/www2.cms.hu-berlin.de\/queer-reading\/wp-json\/wp\/v2\/media?parent=738"}],"curies":[{"name":"wp","href":"https:\/\/api.w.org\/{rel}","templated":true}]}}