{"id":734,"date":"2024-04-23T15:04:52","date_gmt":"2024-04-23T13:04:52","guid":{"rendered":"https:\/\/www2.cms.hu-berlin.de\/queer-reading\/?page_id=734"},"modified":"2025-08-18T15:48:47","modified_gmt":"2025-08-18T13:48:47","slug":"literaturportraets","status":"publish","type":"page","link":"https:\/\/www2.cms.hu-berlin.de\/queer-reading\/literaturportraets\/","title":{"rendered":"Literaturportr\u00e4ts"},"content":{"rendered":"\t\t<div data-elementor-type=\"wp-page\" data-elementor-id=\"734\" class=\"elementor elementor-734\">\n\t\t\t\t<div class=\"elementor-element elementor-element-eacde33 e-flex e-con-boxed e-con e-parent\" data-id=\"eacde33\" data-element_type=\"container\" data-e-type=\"container\" data-settings=\"{&quot;_ob_use_container_extras&quot;:&quot;no&quot;,&quot;_ob_column_hoveranimator&quot;:&quot;no&quot;,&quot;_ob_glider_is_slider&quot;:&quot;no&quot;,&quot;_ob_column_has_pseudo&quot;:&quot;no&quot;}\">\n\t\t\t\t\t<div class=\"e-con-inner\">\n\t\t\t\t<div class=\"elementor-element elementor-element-819e02c ob-has-background-overlay elementor-widget elementor-widget-tp-smooth-scroll\" data-id=\"819e02c\" data-element_type=\"widget\" data-e-type=\"widget\" data-settings=\"{&quot;_ob_perspektive_use&quot;:&quot;no&quot;,&quot;_ob_poopart_use&quot;:&quot;yes&quot;,&quot;_ob_shadough_use&quot;:&quot;no&quot;,&quot;_ob_allow_hoveranimator&quot;:&quot;no&quot;,&quot;_ob_widget_stalker_use&quot;:&quot;no&quot;}\" data-widget_type=\"tp-smooth-scroll.default\">\n\t\t\t\t<div class=\"elementor-widget-container\">\n\t\t\t\t\t<div class=\"plus-smooth-scroll\" data-scroll-type=\"basic\" data-frameRate=\"144\" data-animationTime=\"1100\" data-stepSize=\"157\" data-pulseAlgorithm=\"1\" data-pulseScale=\"4\" data-pulseNormalize=\"1\" data-accelerationDelta=\"50\" data-accelerationMax=\"3\" data-keyboardSupport=\"1\" data-arrowScroll=\"50\" data-touchpadSupport=\"0\" data-fixedBackground=\"1\" data-basicdata=\"{&quot;Browsers&quot;:[&quot;ieWin7&quot;,&quot;chrome&quot;,&quot;firefox&quot;,&quot;safari&quot;]}\"   data-tablet-off=&quot;no&quot; ><script>var smoothAllowedBrowsers = [\"ieWin7\",\"chrome\",\"firefox\",\"safari\"]<\/script><\/div>\t\t\t\t<\/div>\n\t\t\t\t<\/div>\n\t\t\t\t<div class=\"elementor-element elementor-element-b1930fe ob-harakiri-inherit ob-has-background-overlay elementor-widget elementor-widget-heading\" data-id=\"b1930fe\" data-element_type=\"widget\" data-e-type=\"widget\" data-settings=\"{&quot;_ob_use_harakiri&quot;:&quot;yes&quot;,&quot;_ob_harakiri_writing_mode&quot;:&quot;inherit&quot;,&quot;_ob_harakiri_text_clip&quot;:&quot;none&quot;,&quot;_ob_perspektive_use&quot;:&quot;no&quot;,&quot;_ob_poopart_use&quot;:&quot;yes&quot;,&quot;_ob_shadough_use&quot;:&quot;no&quot;,&quot;_ob_allow_hoveranimator&quot;:&quot;no&quot;,&quot;_ob_widget_stalker_use&quot;:&quot;no&quot;}\" data-widget_type=\"heading.default\">\n\t\t\t\t<div class=\"elementor-widget-container\">\n\t\t\t\t\t<h1 class=\"elementor-heading-title elementor-size-default\">Literaturportr\u00e4ts<\/h1>\t\t\t\t<\/div>\n\t\t\t\t<\/div>\n\t\t\t\t\t<\/div>\n\t\t\t\t<\/div>\n\t\t<div class=\"elementor-element elementor-element-6dee4e5 e-flex e-con-boxed e-con e-parent\" data-id=\"6dee4e5\" data-element_type=\"container\" data-e-type=\"container\" data-settings=\"{&quot;_ob_use_container_extras&quot;:&quot;no&quot;,&quot;_ob_column_hoveranimator&quot;:&quot;no&quot;,&quot;_ob_glider_is_slider&quot;:&quot;no&quot;,&quot;_ob_column_has_pseudo&quot;:&quot;no&quot;}\">\n\t\t\t\t\t<div class=\"e-con-inner\">\n\t\t\t\t<div class=\"elementor-element elementor-element-c77808e animated-slow ob-harakiri-inherit elementor-invisible ob-has-background-overlay elementor-widget elementor-widget-text-editor\" data-id=\"c77808e\" data-element_type=\"widget\" data-e-type=\"widget\" data-settings=\"{&quot;_animation&quot;:&quot;fadeIn&quot;,&quot;_ob_use_harakiri&quot;:&quot;yes&quot;,&quot;_ob_harakiri_writing_mode&quot;:&quot;inherit&quot;,&quot;_ob_perspektive_use&quot;:&quot;no&quot;,&quot;_ob_poopart_use&quot;:&quot;yes&quot;,&quot;_ob_shadough_use&quot;:&quot;no&quot;,&quot;_ob_allow_hoveranimator&quot;:&quot;no&quot;,&quot;_ob_widget_stalker_use&quot;:&quot;no&quot;}\" data-widget_type=\"text-editor.default\">\n\t\t\t\t<div class=\"elementor-widget-container\">\n\t\t\t\t\t\t\t\t\t<p>Die Frage, was ein queerer Text ist, ist nicht leicht zu beantworten. Wir legen unserer <a href=\"https:\/\/www2.cms.hu-berlin.de\/queer-reading\/bibliografie-fassungen-175\/\">Bibliografie queerer deutschsprachiger Literatur<\/a>\u00a0 eine breite Definition zugrunde und nehmen alle literarischen Texte auf, die ein queeres Lekt\u00fcrepotenzial aufweisen. Alle literarischen Texte sind relevant, die Heteronormativit\u00e4t ausstellen, destabilisieren, dekonstruieren oder ihr alternative Entw\u00fcrfe entgegensetzen. Hinzukommen literarische Texte, die nonbin\u00e4re Vorstellungen von Geschlecht und Sexualit\u00e4t thematisieren, nicht lineare Zeitkonzepte und alternative Formen von Verwandtschaft (<em>kinship<\/em>) und Gemeinschaft thematisieren.<\/p><p>\u00a0<\/p><p>Die Lekt\u00fcrepraxis des Queer Reading beruht auf einem Methodenspektrum, das sich zwischen der Dekonstruktion von Normen und Ordnungssystemen einerseits und der Sichtbarmachung und Hervorhebung von Queerness andererseits erstreckt. Analog zu den <a href=\"https:\/\/www2.cms.hu-berlin.de\/queer-reading\/methodenportraets\/\">Methodenportr\u00e4ts<\/a> bieten die Literaturportr\u00e4ts eine kurze Einf\u00fchrung in das queere Lekt\u00fcrepotenzial ausgew\u00e4hlter literarischer Texte.\u00a0<\/p><p>\u00a0<\/p><p>Im Rahmen forschenden Lernens haben Studierende, Praktikant:innen und studentische Mitarbeiter:innen an den Literaturportr\u00e4ts mitgearbeitet. Die Literaturportr\u00e4ts werden auf dieser Seite fortlaufend erg\u00e4nzt.<\/p>\t\t\t\t\t\t\t\t<\/div>\n\t\t\t\t<\/div>\n\t\t\t\t\t<\/div>\n\t\t\t\t<\/div>\n\t\t<div class=\"elementor-element elementor-element-ef37816 e-flex e-con-boxed e-con e-parent\" data-id=\"ef37816\" data-element_type=\"container\" data-e-type=\"container\" data-settings=\"{&quot;_ob_use_container_extras&quot;:&quot;no&quot;,&quot;_ob_column_hoveranimator&quot;:&quot;no&quot;,&quot;_ob_glider_is_slider&quot;:&quot;no&quot;,&quot;_ob_column_has_pseudo&quot;:&quot;no&quot;}\">\n\t\t\t\t\t<div class=\"e-con-inner\">\n\t\t\t\t<div class=\"elementor-element elementor-element-0f137d8 ob-has-background-overlay elementor-widget elementor-widget-tp-blog-listout\" data-id=\"0f137d8\" data-element_type=\"widget\" data-e-type=\"widget\" data-settings=\"{&quot;_ob_perspektive_use&quot;:&quot;no&quot;,&quot;_ob_poopart_use&quot;:&quot;yes&quot;,&quot;_ob_shadough_use&quot;:&quot;no&quot;,&quot;_ob_allow_hoveranimator&quot;:&quot;no&quot;,&quot;_ob_widget_stalker_use&quot;:&quot;no&quot;}\" data-widget_type=\"tp-blog-listout.default\">\n\t\t\t\t\t<div id=\"pt-plus-blog-post-list\" class=\"blog-list post69e2dc868a69d  list-isotope  blog-style-4 hover-image-none pt-plus-filter-post-category    \"  data-layout-type=\"fitRows\"   data-id=\"post69e2dc868a69d\" data-style=\"style-4\"   dir= data-enable-isotope=\"1\" filter-type = \"normal\"><div class=\"post-filter-data style-1 text-center\"><ul class=\"category-filters style-1 hover-style-1\"><li><a href=\"#\" class=\"filter-category-list active all\" data-filter=\"*\" ><span data-hover=\"Alle\">Alle<\/span><span class=\"all_post_count\">4<\/span><\/a><\/li><li><a href=\"#\" class=\"filter-category-list\" data-filter=\".bundesrepublik-vor-1990\"><span data-hover=\"Bundesrepublik (vor 1990)\">Bundesrepublik (vor 1990)<\/span><\/a><\/li><li><a href=\"#\" class=\"filter-category-list\" data-filter=\".oesterreich\"><span data-hover=\"\u00d6sterreich\">\u00d6sterreich<\/span><\/a><\/li><li><a href=\"#\" class=\"filter-category-list\" data-filter=\".weimarer-republik\"><span data-hover=\"Weimarer Republik\">Weimarer Republik<\/span><\/a><\/li><\/ul><\/div><div id=\"post69e2dc868a69d\" class=\"tp-row post-inner-loop post69e2dc868a69d    tp-listing-preloader\" data-extparam= '{\"loading-opt\":\"skeleton\",\"URL-para\":\"\"}'  ><div class=\"grid-item metro-item  tp-col-lg-4 tp-col-md-6 tp-col-sm-12 tp-col-12  weimarer-republik  \"><article id=\"post-1593\" class=\"post-1593 post type-post status-publish format-standard hentry category-weimarer-republik tag-literaturportraets\">\n\t<div class=\"blog-list-content\">\t\t\n\t\t<div class=\"post-content-bottom\">\n\t\t\t<a href=\"https:\/\/www2.cms.hu-berlin.de\/queer-reading\/brecht-bertolt-im-dickicht-der-staedte\/\" class=\"post-bg-image-content\"><div class=\"blog-bg-image-metro \" style=\"background:url(https:\/\/www2.cms.hu-berlin.de\/queer-reading\/wp-content\/plugins\/theplus_elementor_addon\/assets\/images\/placeholder-grid.jpg) #f7f7f7;\" ><\/div><\/a>\n\t\t\t<div class=\"post-metro-content\">\n\t\t\t\t\t\t\t\t<h3 class=\"post-title\">\n\t<a href=\"https:\/\/www2.cms.hu-berlin.de\/queer-reading\/brecht-bertolt-im-dickicht-der-staedte\/\" class=\"normal\">Brecht, Bertolt: \u201aIm Dickicht der St\u00e4dte. Der Kampf zweier M\u00e4nner in der Riesenstadt Chicago\u2018<\/a>\n<\/h3>\n\t\t\t\t\t\t\t\t\t\t\t\t\t\t\t<\/div>\n\t\t<\/div>\t\n\t\t\t\n\t<\/div>\n<\/article>\n<\/div><div class=\"grid-item metro-item  tp-col-lg-4 tp-col-md-6 tp-col-sm-12 tp-col-12  oesterreich  \"><article id=\"post-4146\" class=\"post-4146 post type-post status-publish format-standard hentry category-oesterreich tag-literaturportraets\">\n\t<div class=\"blog-list-content\">\t\t\n\t\t<div class=\"post-content-bottom\">\n\t\t\t<a href=\"https:\/\/www2.cms.hu-berlin.de\/queer-reading\/haushofer-marlen-eine-handvoll-leben\/\" class=\"post-bg-image-content\"><div class=\"blog-bg-image-metro \" style=\"background:url(https:\/\/www2.cms.hu-berlin.de\/queer-reading\/wp-content\/plugins\/theplus_elementor_addon\/assets\/images\/placeholder-grid.jpg) #f7f7f7;\" ><\/div><\/a>\n\t\t\t<div class=\"post-metro-content\">\n\t\t\t\t\t\t\t\t<h3 class=\"post-title\">\n\t<a href=\"https:\/\/www2.cms.hu-berlin.de\/queer-reading\/haushofer-marlen-eine-handvoll-leben\/\" class=\"normal\">Haushofer, Marlen: \u201aEine Handvoll Leben\u2018<\/a>\n<\/h3>\n\t\t\t\t\t\t\t\t\t\t\t\t\t\t\t<\/div>\n\t\t<\/div>\t\n\t\t\t\n\t<\/div>\n<\/article>\n<\/div><div class=\"grid-item metro-item  tp-col-lg-4 tp-col-md-6 tp-col-sm-12 tp-col-12  weimarer-republik  \"><article id=\"post-4418\" class=\"post-4418 post type-post status-publish format-standard hentry category-weimarer-republik tag-literaturportraets\">\n\t<div class=\"blog-list-content\">\t\t\n\t\t<div class=\"post-content-bottom\">\n\t\t\t<a href=\"https:\/\/www2.cms.hu-berlin.de\/queer-reading\/brecht-bertolt-im-dickicht-der-staedte-7\/\" class=\"post-bg-image-content\"><div class=\"blog-bg-image-metro \" style=\"background:url(https:\/\/www2.cms.hu-berlin.de\/queer-reading\/wp-content\/plugins\/theplus_elementor_addon\/assets\/images\/placeholder-grid.jpg) #f7f7f7;\" ><\/div><\/a>\n\t\t\t<div class=\"post-metro-content\">\n\t\t\t\t\t\t\t\t<h3 class=\"post-title\">\n\t<a href=\"https:\/\/www2.cms.hu-berlin.de\/queer-reading\/brecht-bertolt-im-dickicht-der-staedte-7\/\" class=\"normal\">Sacher-Masoch, Marfa von: &#8222;W\u00fcrde zu geben den Verschm\u00e4hten&#8230;&#8220;<\/a>\n<\/h3>\n\t\t\t\t\t\t\t\t\t\t\t\t\t\t\t<\/div>\n\t\t<\/div>\t\n\t\t\t\n\t<\/div>\n<\/article>\n<\/div><div class=\"grid-item metro-item  tp-col-lg-4 tp-col-md-6 tp-col-sm-12 tp-col-12  bundesrepublik-vor-1990  \"><article id=\"post-2826\" class=\"post-2826 post type-post status-publish format-standard hentry category-bundesrepublik-vor-1990 tag-literaturportraets\">\n\t<div class=\"blog-list-content\">\t\t\n\t\t<div class=\"post-content-bottom\">\n\t\t\t<a href=\"https:\/\/www2.cms.hu-berlin.de\/queer-reading\/st-louis-guy-gedichte-einer-schoenen-frau\/\" class=\"post-bg-image-content\"><div class=\"blog-bg-image-metro \" style=\"background:url(https:\/\/www2.cms.hu-berlin.de\/queer-reading\/wp-content\/plugins\/theplus_elementor_addon\/assets\/images\/placeholder-grid.jpg) #f7f7f7;\" ><\/div><\/a>\n\t\t\t<div class=\"post-metro-content\">\n\t\t\t\t\t\t\t\t<h3 class=\"post-title\">\n\t<a href=\"https:\/\/www2.cms.hu-berlin.de\/queer-reading\/st-louis-guy-gedichte-einer-schoenen-frau\/\" class=\"normal\">St. Louis, Guy: \u201aGedichte einer sch\u00f6nen Frau\u2018<\/a>\n<\/h3>\n\t\t\t\t\t\t\t\t\t\t\t\t\t\t\t<\/div>\n\t\t<\/div>\t\n\t\t\t\n\t<\/div>\n<\/article>\n<\/div><\/div><\/div>\t\t\t\t<\/div>\n\t\t\t\t\t<\/div>\n\t\t\t\t<\/div>\n\t\t<div class=\"elementor-element elementor-element-59d40de e-flex e-con-boxed e-con e-parent\" data-id=\"59d40de\" data-element_type=\"container\" data-e-type=\"container\" data-settings=\"{&quot;_ob_use_container_extras&quot;:&quot;no&quot;,&quot;_ob_column_hoveranimator&quot;:&quot;no&quot;,&quot;_ob_glider_is_slider&quot;:&quot;no&quot;,&quot;_ob_column_has_pseudo&quot;:&quot;no&quot;}\">\n\t\t\t\t\t<div class=\"e-con-inner\">\n\t\t\t\t<div class=\"elementor-element elementor-element-e2a9465 ob-has-background-overlay elementor-widget elementor-widget-spacer\" data-id=\"e2a9465\" data-element_type=\"widget\" data-e-type=\"widget\" data-settings=\"{&quot;_ob_spacerat_use&quot;:&quot;no&quot;,&quot;_ob_perspektive_use&quot;:&quot;no&quot;,&quot;_ob_poopart_use&quot;:&quot;yes&quot;,&quot;_ob_shadough_use&quot;:&quot;no&quot;,&quot;_ob_allow_hoveranimator&quot;:&quot;no&quot;,&quot;_ob_widget_stalker_use&quot;:&quot;no&quot;}\" data-widget_type=\"spacer.default\">\n\t\t\t\t<div class=\"elementor-widget-container\">\n\t\t\t\t\t\t\t<div class=\"elementor-spacer\">\n\t\t\t<div class=\"elementor-spacer-inner\"><\/div>\n\t\t<\/div>\n\t\t\t\t\t\t<\/div>\n\t\t\t\t<\/div>\n\t\t\t\t\t<\/div>\n\t\t\t\t<\/div>\n\t\t\t\t<\/div>\n\t\t","protected":false},"excerpt":{"rendered":"<p>Literaturportr\u00e4ts Die Frage, was ein queerer Text ist, ist nicht leicht zu beantworten. Wir legen unserer Bibliografie queerer deutschsprachiger Literatur\u00a0 eine breite Definition zugrunde und nehmen alle literarischen Texte auf, die ein queeres Lekt\u00fcrepotenzial aufweisen. Alle literarischen Texte sind relevant, die Heteronormativit\u00e4t ausstellen, destabilisieren, dekonstruieren oder ihr alternative Entw\u00fcrfe entgegensetzen. Hinzukommen literarische Texte, die nonbin\u00e4re [&hellip;]<\/p>\n","protected":false},"author":1,"featured_media":0,"parent":0,"menu_order":0,"comment_status":"closed","ping_status":"closed","template":"","meta":{"footnotes":""},"class_list":["post-734","page","type-page","status-publish","hentry"],"_links":{"self":[{"href":"https:\/\/www2.cms.hu-berlin.de\/queer-reading\/wp-json\/wp\/v2\/pages\/734","targetHints":{"allow":["GET"]}}],"collection":[{"href":"https:\/\/www2.cms.hu-berlin.de\/queer-reading\/wp-json\/wp\/v2\/pages"}],"about":[{"href":"https:\/\/www2.cms.hu-berlin.de\/queer-reading\/wp-json\/wp\/v2\/types\/page"}],"author":[{"embeddable":true,"href":"https:\/\/www2.cms.hu-berlin.de\/queer-reading\/wp-json\/wp\/v2\/users\/1"}],"replies":[{"embeddable":true,"href":"https:\/\/www2.cms.hu-berlin.de\/queer-reading\/wp-json\/wp\/v2\/comments?post=734"}],"version-history":[{"count":61,"href":"https:\/\/www2.cms.hu-berlin.de\/queer-reading\/wp-json\/wp\/v2\/pages\/734\/revisions"}],"predecessor-version":[{"id":4417,"href":"https:\/\/www2.cms.hu-berlin.de\/queer-reading\/wp-json\/wp\/v2\/pages\/734\/revisions\/4417"}],"wp:attachment":[{"href":"https:\/\/www2.cms.hu-berlin.de\/queer-reading\/wp-json\/wp\/v2\/media?parent=734"}],"curies":[{"name":"wp","href":"https:\/\/api.w.org\/{rel}","templated":true}]}}