{"id":727,"date":"2024-04-23T15:03:17","date_gmt":"2024-04-23T13:03:17","guid":{"rendered":"https:\/\/www2.cms.hu-berlin.de\/queer-reading\/?page_id=727"},"modified":"2024-09-02T19:22:05","modified_gmt":"2024-09-02T17:22:05","slug":"methodenportraets","status":"publish","type":"page","link":"https:\/\/www2.cms.hu-berlin.de\/queer-reading\/methodenportraets\/","title":{"rendered":"Methodenportr\u00e4ts"},"content":{"rendered":"\t\t<div data-elementor-type=\"wp-page\" data-elementor-id=\"727\" class=\"elementor elementor-727\">\n\t\t\t\t<div class=\"elementor-element elementor-element-59330dc e-flex e-con-boxed e-con e-parent\" data-id=\"59330dc\" data-element_type=\"container\" data-e-type=\"container\" data-settings=\"{&quot;_ob_use_container_extras&quot;:&quot;no&quot;,&quot;_ob_column_hoveranimator&quot;:&quot;no&quot;,&quot;_ob_glider_is_slider&quot;:&quot;no&quot;,&quot;_ob_column_has_pseudo&quot;:&quot;no&quot;}\">\n\t\t\t\t\t<div class=\"e-con-inner\">\n\t\t\t\t<div class=\"elementor-element elementor-element-e95532d ob-has-background-overlay elementor-widget elementor-widget-tp-smooth-scroll\" data-id=\"e95532d\" data-element_type=\"widget\" data-e-type=\"widget\" data-settings=\"{&quot;_ob_perspektive_use&quot;:&quot;no&quot;,&quot;_ob_poopart_use&quot;:&quot;yes&quot;,&quot;_ob_shadough_use&quot;:&quot;no&quot;,&quot;_ob_allow_hoveranimator&quot;:&quot;no&quot;,&quot;_ob_widget_stalker_use&quot;:&quot;no&quot;}\" data-widget_type=\"tp-smooth-scroll.default\">\n\t\t\t\t<div class=\"elementor-widget-container\">\n\t\t\t\t\t<div class=\"plus-smooth-scroll\" data-scroll-type=\"basic\" data-frameRate=\"144\" data-animationTime=\"1100\" data-stepSize=\"157\" data-pulseAlgorithm=\"1\" data-pulseScale=\"4\" data-pulseNormalize=\"1\" data-accelerationDelta=\"50\" data-accelerationMax=\"3\" data-keyboardSupport=\"1\" data-arrowScroll=\"50\" data-touchpadSupport=\"0\" data-fixedBackground=\"1\" data-basicdata=\"{&quot;Browsers&quot;:[&quot;ieWin7&quot;,&quot;chrome&quot;,&quot;firefox&quot;,&quot;safari&quot;]}\"   data-tablet-off=&quot;no&quot; ><script>var smoothAllowedBrowsers = [\"ieWin7\",\"chrome\",\"firefox\",\"safari\"]<\/script><\/div>\t\t\t\t<\/div>\n\t\t\t\t<\/div>\n\t\t\t\t<div class=\"elementor-element elementor-element-77557d8 ob-harakiri-inherit ob-has-background-overlay elementor-widget elementor-widget-heading\" data-id=\"77557d8\" data-element_type=\"widget\" data-e-type=\"widget\" data-settings=\"{&quot;_ob_use_harakiri&quot;:&quot;yes&quot;,&quot;_ob_harakiri_writing_mode&quot;:&quot;inherit&quot;,&quot;_ob_harakiri_text_clip&quot;:&quot;none&quot;,&quot;_ob_perspektive_use&quot;:&quot;no&quot;,&quot;_ob_poopart_use&quot;:&quot;yes&quot;,&quot;_ob_shadough_use&quot;:&quot;no&quot;,&quot;_ob_allow_hoveranimator&quot;:&quot;no&quot;,&quot;_ob_widget_stalker_use&quot;:&quot;no&quot;}\" data-widget_type=\"heading.default\">\n\t\t\t\t<div class=\"elementor-widget-container\">\n\t\t\t\t\t<h1 class=\"elementor-heading-title elementor-size-default\">Methodenportr\u00e4ts<\/h1>\t\t\t\t<\/div>\n\t\t\t\t<\/div>\n\t\t\t\t\t<\/div>\n\t\t\t\t<\/div>\n\t\t<div class=\"elementor-element elementor-element-7056afc e-flex e-con-boxed e-con e-parent\" data-id=\"7056afc\" data-element_type=\"container\" data-e-type=\"container\" data-settings=\"{&quot;_ob_use_container_extras&quot;:&quot;no&quot;,&quot;_ob_column_hoveranimator&quot;:&quot;no&quot;,&quot;_ob_glider_is_slider&quot;:&quot;no&quot;,&quot;_ob_column_has_pseudo&quot;:&quot;no&quot;}\">\n\t\t\t\t\t<div class=\"e-con-inner\">\n\t\t\t\t<div class=\"elementor-element elementor-element-a06f17b animated-slow ob-harakiri-inherit elementor-invisible ob-has-background-overlay elementor-widget elementor-widget-text-editor\" data-id=\"a06f17b\" data-element_type=\"widget\" data-e-type=\"widget\" data-settings=\"{&quot;_animation&quot;:&quot;fadeIn&quot;,&quot;_ob_use_harakiri&quot;:&quot;yes&quot;,&quot;_ob_harakiri_writing_mode&quot;:&quot;inherit&quot;,&quot;_ob_perspektive_use&quot;:&quot;no&quot;,&quot;_ob_poopart_use&quot;:&quot;yes&quot;,&quot;_ob_shadough_use&quot;:&quot;no&quot;,&quot;_ob_allow_hoveranimator&quot;:&quot;no&quot;,&quot;_ob_widget_stalker_use&quot;:&quot;no&quot;}\" data-widget_type=\"text-editor.default\">\n\t\t\t\t<div class=\"elementor-widget-container\">\n\t\t\t\t\t\t\t\t\t<p>Queer Reading basiert auf einem Spektrum hermeneutischer Methoden, die sich auf narrative Strukturen, Motive und Figuren richten, die sich der heteronormativen Ordnung entziehen. Queer Reading zielt nicht darauf, die Homosexualit\u00e4t von Autor:innen oder Figuren aufzudecken, sondern die heteronormative Dimension literarischer Texte zu dekonstruieren und ihre queere Dimension zu analysieren. Queer Reading beschr\u00e4nkt sich nicht auf Sexualit\u00e4t und Begehren, sondern bezieht weitere intersektionale Kategorien mit ein, wie zum Beispiel Geschlecht (<em>gender<\/em>), ethnische Zugeh\u00f6rigkeit (<em>race<\/em>), Gesundheit\/Behinderung (<em>dis\/ability<\/em>), Klasse (<em>class<\/em>) usf.<\/p><p>\u00a0<\/p><p>Die Methoden des Queer Reading sind seit den fr\u00fchen 1990er Jahren im Rahmen der Queer Studies in den USA entstanden. Sie bauen auf Grundlagen und Erkenntnissen der feministischen Literaturwissenschaft auf. Eine Schnittmenge ist die kritische Zur\u00fcckweisung essentialistischer Vorstellungen von Geschlecht, Sexualit\u00e4t und Begehren zugunsten dekonstruktivistischer und nicht-heteronormativer Konzepte.<\/p><p>\u00a0<\/p><p>Im Rahmen forschenden Lernens haben Studierende und Praktikant*innen an den Methodenportr\u00e4ts mitgearbeitet. Die Methodenportr\u00e4ts werden auf dieser Seite fortlaufend erg\u00e4nzt.<\/p>\t\t\t\t\t\t\t\t<\/div>\n\t\t\t\t<\/div>\n\t\t\t\t\t<\/div>\n\t\t\t\t<\/div>\n\t\t<div class=\"elementor-element elementor-element-231e8f7 e-flex e-con-boxed e-con e-parent\" data-id=\"231e8f7\" data-element_type=\"container\" data-e-type=\"container\" data-settings=\"{&quot;_ob_use_container_extras&quot;:&quot;no&quot;,&quot;_ob_column_hoveranimator&quot;:&quot;no&quot;,&quot;_ob_glider_is_slider&quot;:&quot;no&quot;,&quot;_ob_column_has_pseudo&quot;:&quot;no&quot;}\">\n\t\t\t\t\t<div class=\"e-con-inner\">\n\t\t\t\t<div class=\"elementor-element elementor-element-72ff237 ob-has-background-overlay elementor-widget elementor-widget-tp-blog-listout\" data-id=\"72ff237\" data-element_type=\"widget\" data-e-type=\"widget\" data-settings=\"{&quot;_ob_perspektive_use&quot;:&quot;no&quot;,&quot;_ob_poopart_use&quot;:&quot;yes&quot;,&quot;_ob_shadough_use&quot;:&quot;no&quot;,&quot;_ob_allow_hoveranimator&quot;:&quot;no&quot;,&quot;_ob_widget_stalker_use&quot;:&quot;no&quot;}\" data-widget_type=\"tp-blog-listout.default\">\n\t\t\t\t\t<div id=\"pt-plus-blog-post-list\" class=\"blog-list post69e091594390b  list-isotope  blog-style-4 hover-image-none   \"  data-layout-type=\"fitRows\"   data-id=\"post69e091594390b\" data-style=\"style-4\"   dir= data-enable-isotope=\"1\" filter-type = \"normal\"><div id=\"post69e091594390b\" class=\"tp-row post-inner-loop post69e091594390b    tp-listing-preloader\" data-extparam= '{\"loading-opt\":\"skeleton\",\"URL-para\":\"\"}'  ><div class=\"grid-item metro-item  tp-col-lg-4 tp-col-md-6 tp-col-sm-12 tp-col-12  \"><article id=\"post-1115\" class=\"post-1115 post type-post status-publish format-standard has-post-thumbnail hentry category-methodenportraets tag-methodenportraets\">\n\t<div class=\"blog-list-content\">\t\t\n\t\t<div class=\"post-content-bottom\">\n\t\t\t<a href=\"https:\/\/www2.cms.hu-berlin.de\/queer-reading\/seinsweisen-oder-kategorien\/\" class=\"post-bg-image-content\"><div class=\"blog-bg-image-metro \" style=\"background:url(https:\/\/www2.cms.hu-berlin.de\/queer-reading\/wp-content\/uploads\/2023\/12\/Zsn_29333R-3-1.jpg) #f7f7f7;\"><\/div><\/a>\n\t\t\t<div class=\"post-metro-content\">\n\t\t\t\t\t\t\t\t<h3 class=\"post-title\">\n\t<a href=\"https:\/\/www2.cms.hu-berlin.de\/queer-reading\/seinsweisen-oder-kategorien\/\" class=\"normal\">Dietze, Haschemi Yekani,  Michaelis: &#8218;Seinsweisen oder Kategorien&#8216;<\/a>\n<\/h3>\n\t\t\t\t\t\t\t\t\t\t\t\t\t\t\t<\/div>\n\t\t<\/div>\t\n\t\t\t\n\t<\/div>\n<\/article>\n<\/div><div class=\"grid-item metro-item  tp-col-lg-4 tp-col-md-6 tp-col-sm-12 tp-col-12  \"><article id=\"post-1113\" class=\"post-1113 post type-post status-publish format-standard hentry category-methodenportraets tag-methodenportraets\">\n\t<div class=\"blog-list-content\">\t\t\n\t\t<div class=\"post-content-bottom\">\n\t\t\t<a href=\"https:\/\/www2.cms.hu-berlin.de\/queer-reading\/queering-the-canon\/\" class=\"post-bg-image-content\"><div class=\"blog-bg-image-metro \" style=\"background:url(https:\/\/www2.cms.hu-berlin.de\/queer-reading\/wp-content\/plugins\/theplus_elementor_addon\/assets\/images\/placeholder-grid.jpg) #f7f7f7;\" ><\/div><\/a>\n\t\t\t<div class=\"post-metro-content\">\n\t\t\t\t\t\t\t\t<h3 class=\"post-title\">\n\t<a href=\"https:\/\/www2.cms.hu-berlin.de\/queer-reading\/queering-the-canon\/\" class=\"normal\">Lorey, Plews: &#8218;Queering the Canon&#8216;<\/a>\n<\/h3>\n\t\t\t\t\t\t\t\t\t\t\t\t\t\t\t<\/div>\n\t\t<\/div>\t\n\t\t\t\n\t<\/div>\n<\/article>\n<\/div><\/div><\/div>\t\t\t\t<\/div>\n\t\t\t\t\t<\/div>\n\t\t\t\t<\/div>\n\t\t<div class=\"elementor-element elementor-element-bbcd782 e-flex e-con-boxed e-con e-parent\" data-id=\"bbcd782\" data-element_type=\"container\" data-e-type=\"container\" data-settings=\"{&quot;_ob_use_container_extras&quot;:&quot;no&quot;,&quot;_ob_column_hoveranimator&quot;:&quot;no&quot;,&quot;_ob_glider_is_slider&quot;:&quot;no&quot;,&quot;_ob_column_has_pseudo&quot;:&quot;no&quot;}\">\n\t\t\t\t\t<div class=\"e-con-inner\">\n\t\t\t\t<div class=\"elementor-element elementor-element-f276d16 ob-has-background-overlay elementor-widget elementor-widget-spacer\" data-id=\"f276d16\" data-element_type=\"widget\" data-e-type=\"widget\" data-settings=\"{&quot;_ob_spacerat_use&quot;:&quot;no&quot;,&quot;_ob_perspektive_use&quot;:&quot;no&quot;,&quot;_ob_poopart_use&quot;:&quot;yes&quot;,&quot;_ob_shadough_use&quot;:&quot;no&quot;,&quot;_ob_allow_hoveranimator&quot;:&quot;no&quot;,&quot;_ob_widget_stalker_use&quot;:&quot;no&quot;}\" data-widget_type=\"spacer.default\">\n\t\t\t\t<div class=\"elementor-widget-container\">\n\t\t\t\t\t\t\t<div class=\"elementor-spacer\">\n\t\t\t<div class=\"elementor-spacer-inner\"><\/div>\n\t\t<\/div>\n\t\t\t\t\t\t<\/div>\n\t\t\t\t<\/div>\n\t\t\t\t\t<\/div>\n\t\t\t\t<\/div>\n\t\t\t\t<\/div>\n\t\t","protected":false},"excerpt":{"rendered":"<p>Methodenportr\u00e4ts Queer Reading basiert auf einem Spektrum hermeneutischer Methoden, die sich auf narrative Strukturen, Motive und Figuren richten, die sich der heteronormativen Ordnung entziehen. Queer Reading zielt nicht darauf, die Homosexualit\u00e4t von Autor:innen oder Figuren aufzudecken, sondern die heteronormative Dimension literarischer Texte zu dekonstruieren und ihre queere Dimension zu analysieren. Queer Reading beschr\u00e4nkt sich nicht [&hellip;]<\/p>\n","protected":false},"author":1,"featured_media":0,"parent":0,"menu_order":0,"comment_status":"closed","ping_status":"closed","template":"","meta":{"footnotes":""},"class_list":["post-727","page","type-page","status-publish","hentry"],"_links":{"self":[{"href":"https:\/\/www2.cms.hu-berlin.de\/queer-reading\/wp-json\/wp\/v2\/pages\/727","targetHints":{"allow":["GET"]}}],"collection":[{"href":"https:\/\/www2.cms.hu-berlin.de\/queer-reading\/wp-json\/wp\/v2\/pages"}],"about":[{"href":"https:\/\/www2.cms.hu-berlin.de\/queer-reading\/wp-json\/wp\/v2\/types\/page"}],"author":[{"embeddable":true,"href":"https:\/\/www2.cms.hu-berlin.de\/queer-reading\/wp-json\/wp\/v2\/users\/1"}],"replies":[{"embeddable":true,"href":"https:\/\/www2.cms.hu-berlin.de\/queer-reading\/wp-json\/wp\/v2\/comments?post=727"}],"version-history":[{"count":31,"href":"https:\/\/www2.cms.hu-berlin.de\/queer-reading\/wp-json\/wp\/v2\/pages\/727\/revisions"}],"predecessor-version":[{"id":3408,"href":"https:\/\/www2.cms.hu-berlin.de\/queer-reading\/wp-json\/wp\/v2\/pages\/727\/revisions\/3408"}],"wp:attachment":[{"href":"https:\/\/www2.cms.hu-berlin.de\/queer-reading\/wp-json\/wp\/v2\/media?parent=727"}],"curies":[{"name":"wp","href":"https:\/\/api.w.org\/{rel}","templated":true}]}}