{"id":2248,"date":"2024-05-29T10:58:35","date_gmt":"2024-05-29T08:58:35","guid":{"rendered":"https:\/\/www2.cms.hu-berlin.de\/queer-reading\/?page_id=2248"},"modified":"2025-12-05T15:37:45","modified_gmt":"2025-12-05T14:37:45","slug":"franz-kafka","status":"publish","type":"page","link":"https:\/\/www2.cms.hu-berlin.de\/queer-reading\/franz-kafka\/","title":{"rendered":"Franz Kafka"},"content":{"rendered":"\t\t<div data-elementor-type=\"wp-page\" data-elementor-id=\"2248\" class=\"elementor elementor-2248\">\n\t\t\t\t<div class=\"elementor-element elementor-element-5e17372 e-flex e-con-boxed e-con e-parent\" data-id=\"5e17372\" data-element_type=\"container\" data-e-type=\"container\" data-settings=\"{&quot;_ob_use_container_extras&quot;:&quot;no&quot;,&quot;_ob_column_hoveranimator&quot;:&quot;no&quot;,&quot;_ob_glider_is_slider&quot;:&quot;no&quot;,&quot;_ob_column_has_pseudo&quot;:&quot;no&quot;}\">\n\t\t\t\t\t<div class=\"e-con-inner\">\n\t\t\t\t<div class=\"elementor-element elementor-element-5514c7e ob-has-background-overlay elementor-widget elementor-widget-tp-smooth-scroll\" data-id=\"5514c7e\" data-element_type=\"widget\" data-e-type=\"widget\" data-settings=\"{&quot;_ob_perspektive_use&quot;:&quot;no&quot;,&quot;_ob_poopart_use&quot;:&quot;yes&quot;,&quot;_ob_shadough_use&quot;:&quot;no&quot;,&quot;_ob_allow_hoveranimator&quot;:&quot;no&quot;,&quot;_ob_widget_stalker_use&quot;:&quot;no&quot;}\" data-widget_type=\"tp-smooth-scroll.default\">\n\t\t\t\t<div class=\"elementor-widget-container\">\n\t\t\t\t\t<div class=\"plus-smooth-scroll\" data-scroll-type=\"basic\" data-frameRate=\"144\" data-animationTime=\"1100\" data-stepSize=\"157\" data-pulseAlgorithm=\"1\" data-pulseScale=\"4\" data-pulseNormalize=\"1\" data-accelerationDelta=\"50\" data-accelerationMax=\"3\" data-keyboardSupport=\"1\" data-arrowScroll=\"50\" data-touchpadSupport=\"0\" data-fixedBackground=\"1\" data-basicdata=\"{&quot;Browsers&quot;:[&quot;ieWin7&quot;,&quot;chrome&quot;,&quot;firefox&quot;,&quot;safari&quot;]}\"   data-tablet-off=&quot;no&quot; ><script>var smoothAllowedBrowsers = [\"ieWin7\",\"chrome\",\"firefox\",\"safari\"]<\/script><\/div>\t\t\t\t<\/div>\n\t\t\t\t<\/div>\n\t\t\t\t<div class=\"elementor-element elementor-element-34993fe elementor-widget__width-initial elementor-widget-mobile__width-initial ob-harakiri-inherit ob-has-background-overlay elementor-widget elementor-widget-heading\" data-id=\"34993fe\" data-element_type=\"widget\" data-e-type=\"widget\" data-settings=\"{&quot;_ob_use_harakiri&quot;:&quot;yes&quot;,&quot;_ob_harakiri_writing_mode&quot;:&quot;inherit&quot;,&quot;_ob_harakiri_text_clip&quot;:&quot;none&quot;,&quot;_ob_perspektive_use&quot;:&quot;no&quot;,&quot;_ob_poopart_use&quot;:&quot;yes&quot;,&quot;_ob_shadough_use&quot;:&quot;no&quot;,&quot;_ob_allow_hoveranimator&quot;:&quot;no&quot;,&quot;_ob_widget_stalker_use&quot;:&quot;no&quot;}\" data-widget_type=\"heading.default\">\n\t\t\t\t<div class=\"elementor-widget-container\">\n\t\t\t\t\t<h1 class=\"elementor-heading-title elementor-size-default\">Franz Kafkas \u201aDas Schloss\u2018 queer gelesen<\/h1>\t\t\t\t<\/div>\n\t\t\t\t<\/div>\n\t\t\t\t\t<\/div>\n\t\t\t\t<\/div>\n\t\t<div class=\"elementor-element elementor-element-c902ac0 e-flex e-con-boxed e-con e-parent\" data-id=\"c902ac0\" data-element_type=\"container\" data-e-type=\"container\" data-settings=\"{&quot;_ob_use_container_extras&quot;:&quot;no&quot;,&quot;_ob_column_hoveranimator&quot;:&quot;no&quot;,&quot;_ob_glider_is_slider&quot;:&quot;no&quot;,&quot;_ob_column_has_pseudo&quot;:&quot;no&quot;}\">\n\t\t\t\t\t<div class=\"e-con-inner\">\n\t\t\t\t<div class=\"elementor-element elementor-element-00a4f70 animated-slow ob-harakiri-inherit elementor-invisible ob-has-background-overlay elementor-widget elementor-widget-text-editor\" data-id=\"00a4f70\" data-element_type=\"widget\" data-e-type=\"widget\" data-settings=\"{&quot;_animation&quot;:&quot;fadeIn&quot;,&quot;_ob_use_harakiri&quot;:&quot;yes&quot;,&quot;_ob_harakiri_writing_mode&quot;:&quot;inherit&quot;,&quot;_ob_perspektive_use&quot;:&quot;no&quot;,&quot;_ob_poopart_use&quot;:&quot;yes&quot;,&quot;_ob_shadough_use&quot;:&quot;no&quot;,&quot;_ob_allow_hoveranimator&quot;:&quot;no&quot;,&quot;_ob_widget_stalker_use&quot;:&quot;no&quot;}\" data-widget_type=\"text-editor.default\">\n\t\t\t\t<div class=\"elementor-widget-container\">\n\t\t\t\t\t\t\t\t\t<p>Wie eine queere Kafka-Lekt\u00fcre aussehen kann, dazu hat uns Shelly Kupferberg von radio3 am Beispiel von Franz Kafkas letztem, unvollendetem Roman <em>Das Schloss<\/em> befragt.<\/p>\t\t\t\t\t\t\t\t<\/div>\n\t\t\t\t<\/div>\n\t\t\t\t<div class=\"elementor-element elementor-element-61c43b1 ob-has-background-overlay elementor-widget elementor-widget-spacer\" data-id=\"61c43b1\" data-element_type=\"widget\" data-e-type=\"widget\" data-settings=\"{&quot;_ob_spacerat_use&quot;:&quot;no&quot;,&quot;_ob_perspektive_use&quot;:&quot;no&quot;,&quot;_ob_poopart_use&quot;:&quot;yes&quot;,&quot;_ob_shadough_use&quot;:&quot;no&quot;,&quot;_ob_allow_hoveranimator&quot;:&quot;no&quot;,&quot;_ob_widget_stalker_use&quot;:&quot;no&quot;}\" data-widget_type=\"spacer.default\">\n\t\t\t\t<div class=\"elementor-widget-container\">\n\t\t\t\t\t\t\t<div class=\"elementor-spacer\">\n\t\t\t<div class=\"elementor-spacer-inner\"><\/div>\n\t\t<\/div>\n\t\t\t\t\t\t<\/div>\n\t\t\t\t<\/div>\n\t\t\t\t<div class=\"elementor-element elementor-element-374df9a ob-has-background-overlay elementor-widget elementor-widget-tp-audio-player\" data-id=\"374df9a\" data-element_type=\"widget\" data-e-type=\"widget\" data-settings=\"{&quot;_ob_perspektive_use&quot;:&quot;no&quot;,&quot;_ob_poopart_use&quot;:&quot;yes&quot;,&quot;_ob_shadough_use&quot;:&quot;no&quot;,&quot;_ob_allow_hoveranimator&quot;:&quot;no&quot;,&quot;_ob_widget_stalker_use&quot;:&quot;no&quot;}\" data-widget_type=\"tp-audio-player.default\">\n\t\t\t\t<div class=\"elementor-widget-container\">\n\t\t\t\t\t<div class=\"tp-audio-player-wrapper plus69d4f158467eb style-1 \"  data-id=\"plus69d4f158467eb\" data-style=\"style-1\" data-apvolume=\"80\" ><div class=\"tp-player\"><div class=\"playlistIcon\"><i class=\"fas fa-list\" aria-hidden=\"true\"><\/i><\/div><div class=\"trackDetails \"><span class=\"title\">Franz Kafkas \u201aDas Schloss\u2018 queer gelesen<\/span> <span class=\"splitTxt\"> by <\/span> <span class=\"artist\">Radio3<\/span><\/div><div class=\"controls\"> <div class=\"rew\"><i class=\"fas fa-backward\" aria-hidden=\"true\"><\/i><\/div> <div class=\"tp-ap-pp\"><div class=\"play\"><i class=\"fas fa-play\" aria-hidden=\"true\"><\/i><\/div><div class=\"pause\"><i class=\"fas fa-pause\" aria-hidden=\"true\"><\/i><\/div><\/div> <div class=\"fwd\"><i class=\"fas fa-forward\" aria-hidden=\"true\"><\/i><\/div> <\/div><div class=\"volumeIcon\"><i class=\"fas fa-volume-up vol-icon-toggle\" aria-hidden=\"true\"><\/i><div class=\"tp-volume-bg\"><div class=\"volume\"><\/div><\/div><\/div><div class=\"tracker\"><\/div><\/div><ul class=\"playlist\" id=\"playlist\"><li audioURL=\"https:\/\/www2.cms.hu-berlin.de\/queer-reading\/wp-content\/uploads\/2025\/12\/Beitrag-Radio-3_27.05.24.mp3\" audioTitle=\"Franz Kafkas \u201aDas Schloss\u2018 queer gelesen\" artist=\"Radio3\"  data-thumb=\"https:\/\/www2.cms.hu-berlin.de\/queer-reading\/wp-content\/uploads\/2025\/12\/Kafka_Das_Schloss_1926.jpg\">Franz Kafkas \u201aDas Schloss\u2018 queer gelesen<\/li><\/ul><\/div>\t\t\t\t<\/div>\n\t\t\t\t<\/div>\n\t\t\t\t<div class=\"elementor-element elementor-element-d7944a1 ob-has-background-overlay elementor-widget elementor-widget-spacer\" data-id=\"d7944a1\" data-element_type=\"widget\" data-e-type=\"widget\" data-settings=\"{&quot;_ob_spacerat_use&quot;:&quot;no&quot;,&quot;_ob_perspektive_use&quot;:&quot;no&quot;,&quot;_ob_poopart_use&quot;:&quot;yes&quot;,&quot;_ob_shadough_use&quot;:&quot;no&quot;,&quot;_ob_allow_hoveranimator&quot;:&quot;no&quot;,&quot;_ob_widget_stalker_use&quot;:&quot;no&quot;}\" data-widget_type=\"spacer.default\">\n\t\t\t\t<div class=\"elementor-widget-container\">\n\t\t\t\t\t\t\t<div class=\"elementor-spacer\">\n\t\t\t<div class=\"elementor-spacer-inner\"><\/div>\n\t\t<\/div>\n\t\t\t\t\t\t<\/div>\n\t\t\t\t<\/div>\n\t\t\t\t<div class=\"elementor-element elementor-element-cc1c3b4 animated-slow ob-harakiri-inherit elementor-invisible ob-has-background-overlay elementor-widget elementor-widget-text-editor\" data-id=\"cc1c3b4\" data-element_type=\"widget\" data-e-type=\"widget\" data-settings=\"{&quot;_animation&quot;:&quot;fadeIn&quot;,&quot;_ob_use_harakiri&quot;:&quot;yes&quot;,&quot;_ob_harakiri_writing_mode&quot;:&quot;inherit&quot;,&quot;_ob_perspektive_use&quot;:&quot;no&quot;,&quot;_ob_poopart_use&quot;:&quot;yes&quot;,&quot;_ob_shadough_use&quot;:&quot;no&quot;,&quot;_ob_allow_hoveranimator&quot;:&quot;no&quot;,&quot;_ob_widget_stalker_use&quot;:&quot;no&quot;}\" data-widget_type=\"text-editor.default\">\n\t\t\t\t<div class=\"elementor-widget-container\">\n\t\t\t\t\t\t\t\t\t<p>Aus der Beitragsank\u00fcndigung von radio3:<\/p><p>\u201eWar Franz Kafka ein queerer Autor? Dar\u00fcber r\u00e4tseln Kafka-Forscher*innen bis heute. Eines l\u00e4sst sich aber mit Sicherheit sagen: Franz Kafka behandelt in seinen Texten queere Themen. Die Literaturwissenschaftler*innen Liesa Hellmann und Andreas Kra\u00df vom Projekt \u201aQueer Reading\u2018 an der Humboldt-Universit\u00e4t Berlin haben f\u00fcr radio3 mit ihrem literaturwissenschaftlich-queeren Blick Franz Kafkas Roman \u201aDas Schlo\u00df\u2018 gelesen und dabei faszinierende Entdeckungen gemacht.\u201c<\/p>\t\t\t\t\t\t\t\t<\/div>\n\t\t\t\t<\/div>\n\t\t\t\t<div class=\"elementor-element elementor-element-72eb06c elementor-icon-list--layout-traditional elementor-list-item-link-full_width ob-has-background-overlay elementor-widget elementor-widget-icon-list\" data-id=\"72eb06c\" data-element_type=\"widget\" data-e-type=\"widget\" data-settings=\"{&quot;_ob_perspektive_use&quot;:&quot;no&quot;,&quot;_ob_poopart_use&quot;:&quot;yes&quot;,&quot;_ob_shadough_use&quot;:&quot;no&quot;,&quot;_ob_allow_hoveranimator&quot;:&quot;no&quot;,&quot;_ob_widget_stalker_use&quot;:&quot;no&quot;}\" data-widget_type=\"icon-list.default\">\n\t\t\t\t<div class=\"elementor-widget-container\">\n\t\t\t\t\t\t\t<ul class=\"elementor-icon-list-items\">\n\t\t\t\t\t\t\t<li class=\"elementor-icon-list-item\">\n\t\t\t\t\t\t\t\t\t\t\t<a href=\"https:\/\/www2.cms.hu-berlin.de\/queer-reading\/bibliografie-schriftsteller-innen\/\" target=\"_blank\">\n\n\t\t\t\t\t\t\t\t\t\t\t\t<span class=\"elementor-icon-list-icon\">\n\t\t\t\t\t\t\t<svg aria-hidden=\"true\" class=\"e-font-icon-svg e-fas-chevron-right\" viewBox=\"0 0 320 512\" xmlns=\"http:\/\/www.w3.org\/2000\/svg\"><path d=\"M285.476 272.971L91.132 467.314c-9.373 9.373-24.569 9.373-33.941 0l-22.667-22.667c-9.357-9.357-9.375-24.522-.04-33.901L188.505 256 34.484 101.255c-9.335-9.379-9.317-24.544.04-33.901l22.667-22.667c9.373-9.373 24.569-9.373 33.941 0L285.475 239.03c9.373 9.372 9.373 24.568.001 33.941z\"><\/path><\/svg>\t\t\t\t\t\t<\/span>\n\t\t\t\t\t\t\t\t\t\t<span class=\"elementor-icon-list-text\">Zur Bibliografie der Queer Readings zu Franz Kafkas Werken<\/span>\n\t\t\t\t\t\t\t\t\t\t\t<\/a>\n\t\t\t\t\t\t\t\t\t<\/li>\n\t\t\t\t\t\t<\/ul>\n\t\t\t\t\t\t<\/div>\n\t\t\t\t<\/div>\n\t\t\t\t<div class=\"elementor-element elementor-element-5144a15 ob-has-background-overlay elementor-widget elementor-widget-spacer\" data-id=\"5144a15\" data-element_type=\"widget\" data-e-type=\"widget\" data-settings=\"{&quot;_ob_spacerat_use&quot;:&quot;no&quot;,&quot;_ob_perspektive_use&quot;:&quot;no&quot;,&quot;_ob_poopart_use&quot;:&quot;yes&quot;,&quot;_ob_shadough_use&quot;:&quot;no&quot;,&quot;_ob_allow_hoveranimator&quot;:&quot;no&quot;,&quot;_ob_widget_stalker_use&quot;:&quot;no&quot;}\" data-widget_type=\"spacer.default\">\n\t\t\t\t<div class=\"elementor-widget-container\">\n\t\t\t\t\t\t\t<div class=\"elementor-spacer\">\n\t\t\t<div class=\"elementor-spacer-inner\"><\/div>\n\t\t<\/div>\n\t\t\t\t\t\t<\/div>\n\t\t\t\t<\/div>\n\t\t\t\t\t<\/div>\n\t\t\t\t<\/div>\n\t\t<div class=\"elementor-element elementor-element-96664f6 animated-slow e-flex e-con-boxed elementor-invisible e-con e-parent\" data-id=\"96664f6\" data-element_type=\"container\" data-e-type=\"container\" data-settings=\"{&quot;background_background&quot;:&quot;classic&quot;,&quot;animation&quot;:&quot;fadeIn&quot;,&quot;_ob_use_container_extras&quot;:&quot;no&quot;,&quot;_ob_column_hoveranimator&quot;:&quot;no&quot;,&quot;_ob_glider_is_slider&quot;:&quot;no&quot;,&quot;_ob_column_has_pseudo&quot;:&quot;no&quot;}\">\n\t\t\t\t\t<div class=\"e-con-inner\">\n\t\t<div class=\"elementor-element elementor-element-6251a26 e-flex e-con-boxed e-con e-child\" data-id=\"6251a26\" data-element_type=\"container\" data-e-type=\"container\" data-settings=\"{&quot;_ob_use_container_extras&quot;:&quot;no&quot;,&quot;_ob_column_hoveranimator&quot;:&quot;no&quot;,&quot;_ob_glider_is_slider&quot;:&quot;no&quot;,&quot;_ob_column_has_pseudo&quot;:&quot;no&quot;}\">\n\t\t\t\t\t<div class=\"e-con-inner\">\n\t\t\t\t<div class=\"elementor-element elementor-element-7e6798d ob-has-background-overlay elementor-widget elementor-widget-tp-image-factory\" data-id=\"7e6798d\" data-element_type=\"widget\" data-e-type=\"widget\" data-settings=\"{&quot;_ob_perspektive_use&quot;:&quot;no&quot;,&quot;_ob_poopart_use&quot;:&quot;yes&quot;,&quot;_ob_shadough_use&quot;:&quot;no&quot;,&quot;_ob_allow_hoveranimator&quot;:&quot;no&quot;,&quot;_ob_widget_stalker_use&quot;:&quot;no&quot;}\" data-widget_type=\"tp-image-factory.default\">\n\t\t\t\t<div class=\"elementor-widget-container\">\n\t\t\t\t\t<div id=\"plus69d4f1584acd0\" class=\"pt-plus-animated-image-wrapper     \" ><div class=\"animated-image-parallax   \" ><div class=\"pt_plus_animated_image bg-image69d4f1584acce text-center  \"  > <figure class=\"     \"  ><div class=\"vc_single_image-wrapper   \"><img fetchpriority=\"high\" decoding=\"async\" width=\"640\" height=\"530\" src=\"https:\/\/www2.cms.hu-berlin.de\/queer-reading\/wp-content\/uploads\/2024\/05\/640px-Franz_Kafka_from_National_Library_Israel.jpg\" class=\"attachment-medium_large size-medium_large wp-image-2250\" alt=\"\" srcset=\"https:\/\/www2.cms.hu-berlin.de\/queer-reading\/wp-content\/uploads\/2024\/05\/640px-Franz_Kafka_from_National_Library_Israel.jpg 640w, https:\/\/www2.cms.hu-berlin.de\/queer-reading\/wp-content\/uploads\/2024\/05\/640px-Franz_Kafka_from_National_Library_Israel-300x248.jpg 300w\" sizes=\"(max-width: 640px) 100vw, 640px\" \/><\/div> <\/figure> <\/div><\/div><\/div>\t\t\t\t<\/div>\n\t\t\t\t<\/div>\n\t\t\t\t<div class=\"elementor-element elementor-element-56dc077 animated-slow ob-harakiri-inherit elementor-invisible ob-has-background-overlay elementor-widget elementor-widget-text-editor\" data-id=\"56dc077\" data-element_type=\"widget\" data-e-type=\"widget\" data-settings=\"{&quot;_animation&quot;:&quot;fadeIn&quot;,&quot;_ob_use_harakiri&quot;:&quot;yes&quot;,&quot;_ob_harakiri_writing_mode&quot;:&quot;inherit&quot;,&quot;_ob_perspektive_use&quot;:&quot;no&quot;,&quot;_ob_poopart_use&quot;:&quot;yes&quot;,&quot;_ob_shadough_use&quot;:&quot;no&quot;,&quot;_ob_allow_hoveranimator&quot;:&quot;no&quot;,&quot;_ob_widget_stalker_use&quot;:&quot;no&quot;}\" data-widget_type=\"text-editor.default\">\n\t\t\t\t<div class=\"elementor-widget-container\">\n\t\t\t\t\t\t\t\t\t<p>Undatiertes Passbild von Franz Kafka. (Quelle: National Library of Israel)<\/p>\t\t\t\t\t\t\t\t<\/div>\n\t\t\t\t<\/div>\n\t\t\t\t\t<\/div>\n\t\t\t\t<\/div>\n\t\t\t\t\t<\/div>\n\t\t\t\t<\/div>\n\t\t\t\t<\/div>\n\t\t","protected":false},"excerpt":{"rendered":"<p>Franz Kafkas \u201aDas Schloss\u2018 queer gelesen Wie eine queere Kafka-Lekt\u00fcre aussehen kann, dazu hat uns Shelly Kupferberg von radio3 am Beispiel von Franz Kafkas letztem, unvollendetem Roman Das Schloss befragt. Franz Kafkas \u201aDas Schloss\u2018 queer gelesen by Radio3 Franz Kafkas \u201aDas Schloss\u2018 queer gelesen Aus der Beitragsank\u00fcndigung von radio3: \u201eWar Franz Kafka ein queerer Autor? [&hellip;]<\/p>\n","protected":false},"author":1,"featured_media":0,"parent":0,"menu_order":0,"comment_status":"closed","ping_status":"closed","template":"elementor_header_footer","meta":{"footnotes":""},"class_list":["post-2248","page","type-page","status-publish","hentry"],"_links":{"self":[{"href":"https:\/\/www2.cms.hu-berlin.de\/queer-reading\/wp-json\/wp\/v2\/pages\/2248","targetHints":{"allow":["GET"]}}],"collection":[{"href":"https:\/\/www2.cms.hu-berlin.de\/queer-reading\/wp-json\/wp\/v2\/pages"}],"about":[{"href":"https:\/\/www2.cms.hu-berlin.de\/queer-reading\/wp-json\/wp\/v2\/types\/page"}],"author":[{"embeddable":true,"href":"https:\/\/www2.cms.hu-berlin.de\/queer-reading\/wp-json\/wp\/v2\/users\/1"}],"replies":[{"embeddable":true,"href":"https:\/\/www2.cms.hu-berlin.de\/queer-reading\/wp-json\/wp\/v2\/comments?post=2248"}],"version-history":[{"count":79,"href":"https:\/\/www2.cms.hu-berlin.de\/queer-reading\/wp-json\/wp\/v2\/pages\/2248\/revisions"}],"predecessor-version":[{"id":4669,"href":"https:\/\/www2.cms.hu-berlin.de\/queer-reading\/wp-json\/wp\/v2\/pages\/2248\/revisions\/4669"}],"wp:attachment":[{"href":"https:\/\/www2.cms.hu-berlin.de\/queer-reading\/wp-json\/wp\/v2\/media?parent=2248"}],"curies":[{"name":"wp","href":"https:\/\/api.w.org\/{rel}","templated":true}]}}