{"id":1492,"date":"2024-05-06T16:33:18","date_gmt":"2024-05-06T14:33:18","guid":{"rendered":"https:\/\/www2.cms.hu-berlin.de\/queer-reading\/?page_id=1492"},"modified":"2024-05-08T15:35:44","modified_gmt":"2024-05-08T13:35:44","slug":"archiv-aktuelles","status":"publish","type":"page","link":"https:\/\/www2.cms.hu-berlin.de\/queer-reading\/archiv-aktuelles\/","title":{"rendered":"Archiv Aktuelles"},"content":{"rendered":"\t\t<div data-elementor-type=\"wp-page\" data-elementor-id=\"1492\" class=\"elementor elementor-1492\">\n\t\t\t\t<div class=\"elementor-element elementor-element-7edac28 e-flex e-con-boxed e-con e-parent\" data-id=\"7edac28\" data-element_type=\"container\" data-e-type=\"container\" data-settings=\"{&quot;_ob_use_container_extras&quot;:&quot;no&quot;,&quot;_ob_column_hoveranimator&quot;:&quot;no&quot;,&quot;_ob_glider_is_slider&quot;:&quot;no&quot;,&quot;_ob_column_has_pseudo&quot;:&quot;no&quot;}\">\n\t\t\t\t\t<div class=\"e-con-inner\">\n\t\t\t\t<div class=\"elementor-element elementor-element-9a5e575 ob-has-background-overlay elementor-widget elementor-widget-tp-smooth-scroll\" data-id=\"9a5e575\" data-element_type=\"widget\" data-e-type=\"widget\" data-settings=\"{&quot;_ob_perspektive_use&quot;:&quot;no&quot;,&quot;_ob_poopart_use&quot;:&quot;yes&quot;,&quot;_ob_shadough_use&quot;:&quot;no&quot;,&quot;_ob_allow_hoveranimator&quot;:&quot;no&quot;,&quot;_ob_widget_stalker_use&quot;:&quot;no&quot;}\" data-widget_type=\"tp-smooth-scroll.default\">\n\t\t\t\t<div class=\"elementor-widget-container\">\n\t\t\t\t\t<div class=\"plus-smooth-scroll\" data-scroll-type=\"basic\" data-frameRate=\"144\" data-animationTime=\"1100\" data-stepSize=\"157\" data-pulseAlgorithm=\"1\" data-pulseScale=\"4\" data-pulseNormalize=\"1\" data-accelerationDelta=\"50\" data-accelerationMax=\"3\" data-keyboardSupport=\"1\" data-arrowScroll=\"50\" data-touchpadSupport=\"0\" data-fixedBackground=\"1\" data-basicdata=\"{&quot;Browsers&quot;:[&quot;ieWin7&quot;,&quot;chrome&quot;,&quot;firefox&quot;,&quot;safari&quot;]}\"   data-tablet-off=&quot;no&quot; ><script>var smoothAllowedBrowsers = [\"ieWin7\",\"chrome\",\"firefox\",\"safari\"]<\/script><\/div>\t\t\t\t<\/div>\n\t\t\t\t<\/div>\n\t\t\t\t<div class=\"elementor-element elementor-element-a5f78e8 ob-harakiri-inherit ob-has-background-overlay elementor-widget elementor-widget-heading\" data-id=\"a5f78e8\" data-element_type=\"widget\" data-e-type=\"widget\" data-settings=\"{&quot;_ob_use_harakiri&quot;:&quot;yes&quot;,&quot;_ob_harakiri_writing_mode&quot;:&quot;inherit&quot;,&quot;_ob_harakiri_text_clip&quot;:&quot;none&quot;,&quot;_ob_perspektive_use&quot;:&quot;no&quot;,&quot;_ob_poopart_use&quot;:&quot;yes&quot;,&quot;_ob_shadough_use&quot;:&quot;no&quot;,&quot;_ob_allow_hoveranimator&quot;:&quot;no&quot;,&quot;_ob_widget_stalker_use&quot;:&quot;no&quot;}\" data-widget_type=\"heading.default\">\n\t\t\t\t<div class=\"elementor-widget-container\">\n\t\t\t\t\t<h1 class=\"elementor-heading-title elementor-size-default\">Archiv <\/h1>\t\t\t\t<\/div>\n\t\t\t\t<\/div>\n\t\t\t\t\t<\/div>\n\t\t\t\t<\/div>\n\t\t<div class=\"elementor-element elementor-element-6e71e86 e-flex e-con-boxed e-con e-parent\" data-id=\"6e71e86\" data-element_type=\"container\" data-e-type=\"container\" data-settings=\"{&quot;_ob_use_container_extras&quot;:&quot;no&quot;,&quot;_ob_column_hoveranimator&quot;:&quot;no&quot;,&quot;_ob_glider_is_slider&quot;:&quot;no&quot;,&quot;_ob_column_has_pseudo&quot;:&quot;no&quot;}\">\n\t\t\t\t\t<div class=\"e-con-inner\">\n\t\t\t\t<div class=\"elementor-element elementor-element-f8f0219 animated-slow elementor-invisible ob-has-background-overlay elementor-widget elementor-widget-tp-blog-listout\" data-id=\"f8f0219\" data-element_type=\"widget\" data-e-type=\"widget\" data-settings=\"{&quot;_animation&quot;:&quot;fadeIn&quot;,&quot;_ob_perspektive_use&quot;:&quot;no&quot;,&quot;_ob_poopart_use&quot;:&quot;yes&quot;,&quot;_ob_shadough_use&quot;:&quot;no&quot;,&quot;_ob_allow_hoveranimator&quot;:&quot;no&quot;,&quot;_ob_widget_stalker_use&quot;:&quot;no&quot;}\" data-widget_type=\"tp-blog-listout.default\">\n\t\t\t\t\t<div id=\"pt-plus-blog-post-list\" class=\"blog-list post69de15321b3c7  list-isotope  blog-style-2 hover-image-style-1 layout-style-2  \"  data-layout-type=\"fitRows\"   data-id=\"post69de15321b3c7\" data-style=\"style-2\"   dir= data-enable-isotope=\"1\" filter-type = \"normal\"><div id=\"post69de15321b3c7\" class=\"tp-row post-inner-loop post69de15321b3c7 text-left  \" data-extparam= '{\"loading-opt\":\"skeleton\",\"URL-para\":\"\"}'  ><div class=\"grid-item metro-item  tp-col-lg-4 tp-col-md-4 tp-col-sm-12 tp-col-12  \"><article id=\"post-4675\" class=\"post-4675 post type-post status-publish format-standard has-post-thumbnail hentry category-aktuelles\">\n\t<div class=\"blog-list-content\">\n\t\t\t\t<div class=\"post-content-image\">\n\t\t\t<a href=\"https:\/\/www2.cms.hu-berlin.de\/queer-reading\/abschlussworkshop\/\">\n\t\t\t\t\t<div class=\"blog-featured-image  tp-cst-img-full img\">\n\t<span class=\"thumb-wrap\">\n\t\t<img fetchpriority=\"high\" decoding=\"async\" width=\"700\" height=\"700\" src=\"https:\/\/www2.cms.hu-berlin.de\/queer-reading\/wp-content\/uploads\/2026\/01\/Abschlussworkshop-700x700.png\" class=\"attachment-tp-image-grid size-tp-image-grid\" alt=\"\" srcset=\"https:\/\/www2.cms.hu-berlin.de\/queer-reading\/wp-content\/uploads\/2026\/01\/Abschlussworkshop-700x700.png 700w, https:\/\/www2.cms.hu-berlin.de\/queer-reading\/wp-content\/uploads\/2026\/01\/Abschlussworkshop-150x150.png 150w\" sizes=\"(max-width: 700px) 100vw, 700px\" \/>\t<\/span>\n\t<\/div>\n\t\t\t<\/a>\n\t\t\t\t\t<\/div>\n\t\t\t\t<div class=\"post-content-bottom\">\n\t\t\t\t\t\t<div class=\"post-metro-content\">\n\t\t\t\t<h3 class=\"post-title\">\n\t<a href=\"https:\/\/www2.cms.hu-berlin.de\/queer-reading\/abschlussworkshop\/\" class=\"normal\">Abschlussworkshop<\/a>\n<\/h3>\n\t\t\t\t\t\t\t\t\t\t\t\t\t<div class=\"post-meta-info style-1\"><span class=\"meta-date\"><a href=\"https:\/\/www2.cms.hu-berlin.de\/queer-reading\/abschlussworkshop\/\"><span class=\"entry-date\">26. Januar 2026<\/span><\/a><\/span>\n<\/div>\t\t\t\t\t\t\t<\/div>\n\t\t<\/div>\n\t\t\t\t\t<\/div>\n<\/article>\n<\/div><div class=\"grid-item metro-item  tp-col-lg-4 tp-col-md-4 tp-col-sm-12 tp-col-12  \"><article id=\"post-4564\" class=\"post-4564 post type-post status-publish format-standard has-post-thumbnail hentry category-aktuelles\">\n\t<div class=\"blog-list-content\">\n\t\t\t\t<div class=\"post-content-image\">\n\t\t\t<a href=\"https:\/\/www2.cms.hu-berlin.de\/queer-reading\/neuerscheinung-franziska-haug-hg-queere-ddr-literatur\/\">\n\t\t\t\t\t<div class=\"blog-featured-image  tp-cst-img-full img\">\n\t<span class=\"thumb-wrap\">\n\t\t<img decoding=\"async\" width=\"416\" height=\"648\" src=\"https:\/\/www2.cms.hu-berlin.de\/queer-reading\/wp-content\/uploads\/2025\/11\/9783689480615_w.jpg\" class=\"attachment-tp-image-grid size-tp-image-grid\" alt=\"\" srcset=\"https:\/\/www2.cms.hu-berlin.de\/queer-reading\/wp-content\/uploads\/2025\/11\/9783689480615_w.jpg 416w, https:\/\/www2.cms.hu-berlin.de\/queer-reading\/wp-content\/uploads\/2025\/11\/9783689480615_w-193x300.jpg 193w\" sizes=\"(max-width: 416px) 100vw, 416px\" \/>\t<\/span>\n\t<\/div>\n\t\t\t<\/a>\n\t\t\t\t\t<\/div>\n\t\t\t\t<div class=\"post-content-bottom\">\n\t\t\t\t\t\t<div class=\"post-metro-content\">\n\t\t\t\t<h3 class=\"post-title\">\n\t<a href=\"https:\/\/www2.cms.hu-berlin.de\/queer-reading\/neuerscheinung-franziska-haug-hg-queere-ddr-literatur\/\" class=\"normal\">Neuerscheinung: Franziska Haug (Hg.): Queere DDR-Literatur<\/a>\n<\/h3>\n\t\t\t\t\t\t\t\t\t\t\t\t\t<div class=\"post-meta-info style-1\"><span class=\"meta-date\"><a href=\"https:\/\/www2.cms.hu-berlin.de\/queer-reading\/neuerscheinung-franziska-haug-hg-queere-ddr-literatur\/\"><span class=\"entry-date\">21. November 2025<\/span><\/a><\/span>\n<\/div>\t\t\t\t\t\t\t<\/div>\n\t\t<\/div>\n\t\t\t\t\t<\/div>\n<\/article>\n<\/div><div class=\"grid-item metro-item  tp-col-lg-4 tp-col-md-4 tp-col-sm-12 tp-col-12  \"><article id=\"post-4403\" class=\"post-4403 post type-post status-publish format-standard has-post-thumbnail hentry category-aktuelles\">\n\t<div class=\"blog-list-content\">\n\t\t\t\t<div class=\"post-content-image\">\n\t\t\t<a href=\"https:\/\/www2.cms.hu-berlin.de\/queer-reading\/queer-roland-barthes\/\">\n\t\t\t\t\t<div class=\"blog-featured-image  tp-cst-img-full img\">\n\t<span class=\"thumb-wrap\">\n\t\t<img decoding=\"async\" width=\"700\" height=\"700\" src=\"https:\/\/www2.cms.hu-berlin.de\/queer-reading\/wp-content\/uploads\/2025\/07\/Barthes-Handbuch-Bild-700x700.webp\" class=\"attachment-tp-image-grid size-tp-image-grid\" alt=\"\" srcset=\"https:\/\/www2.cms.hu-berlin.de\/queer-reading\/wp-content\/uploads\/2025\/07\/Barthes-Handbuch-Bild-700x700.webp 700w, https:\/\/www2.cms.hu-berlin.de\/queer-reading\/wp-content\/uploads\/2025\/07\/Barthes-Handbuch-Bild-150x150.webp 150w\" sizes=\"(max-width: 700px) 100vw, 700px\" \/>\t<\/span>\n\t<\/div>\n\t\t\t<\/a>\n\t\t\t\t\t<\/div>\n\t\t\t\t<div class=\"post-content-bottom\">\n\t\t\t\t\t\t<div class=\"post-metro-content\">\n\t\t\t\t<h3 class=\"post-title\">\n\t<a href=\"https:\/\/www2.cms.hu-berlin.de\/queer-reading\/queer-roland-barthes\/\" class=\"normal\">Queer Roland Barthes<\/a>\n<\/h3>\n\t\t\t\t\t\t\t\t\t\t\t\t\t<div class=\"post-meta-info style-1\"><span class=\"meta-date\"><a href=\"https:\/\/www2.cms.hu-berlin.de\/queer-reading\/queer-roland-barthes\/\"><span class=\"entry-date\">31. Juli 2025<\/span><\/a><\/span>\n<\/div>\t\t\t\t\t\t\t<\/div>\n\t\t<\/div>\n\t\t\t\t\t<\/div>\n<\/article>\n<\/div><div class=\"grid-item metro-item  tp-col-lg-4 tp-col-md-4 tp-col-sm-12 tp-col-12  \"><article id=\"post-4266\" class=\"post-4266 post type-post status-publish format-standard has-post-thumbnail hentry category-aktuelles\">\n\t<div class=\"blog-list-content\">\n\t\t\t\t<div class=\"post-content-image\">\n\t\t\t<a href=\"https:\/\/www2.cms.hu-berlin.de\/queer-reading\/thomas-mann-magnus-hirschfeld\/\">\n\t\t\t\t\t<div class=\"blog-featured-image  tp-cst-img-full img\">\n\t<span class=\"thumb-wrap\">\n\t\t<img loading=\"lazy\" decoding=\"async\" width=\"700\" height=\"700\" src=\"https:\/\/www2.cms.hu-berlin.de\/queer-reading\/wp-content\/uploads\/2025\/04\/Thomas_Mann_1937-700x700.jpg\" class=\"attachment-tp-image-grid size-tp-image-grid\" alt=\"\" srcset=\"https:\/\/www2.cms.hu-berlin.de\/queer-reading\/wp-content\/uploads\/2025\/04\/Thomas_Mann_1937-700x700.jpg 700w, https:\/\/www2.cms.hu-berlin.de\/queer-reading\/wp-content\/uploads\/2025\/04\/Thomas_Mann_1937-150x150.jpg 150w\" sizes=\"(max-width: 700px) 100vw, 700px\" \/>\t<\/span>\n\t<\/div>\n\t\t\t<\/a>\n\t\t\t\t\t<\/div>\n\t\t\t\t<div class=\"post-content-bottom\">\n\t\t\t\t\t\t<div class=\"post-metro-content\">\n\t\t\t\t<h3 class=\"post-title\">\n\t<a href=\"https:\/\/www2.cms.hu-berlin.de\/queer-reading\/thomas-mann-magnus-hirschfeld\/\" class=\"normal\">Thomas Mann und Magnus Hirschfeld<\/a>\n<\/h3>\n\t\t\t\t\t\t\t\t\t\t\t\t\t<div class=\"post-meta-info style-1\"><span class=\"meta-date\"><a href=\"https:\/\/www2.cms.hu-berlin.de\/queer-reading\/thomas-mann-magnus-hirschfeld\/\"><span class=\"entry-date\">2. April 2025<\/span><\/a><\/span>\n<\/div>\t\t\t\t\t\t\t<\/div>\n\t\t<\/div>\n\t\t\t\t\t<\/div>\n<\/article>\n<\/div><div class=\"grid-item metro-item  tp-col-lg-4 tp-col-md-4 tp-col-sm-12 tp-col-12  \"><article id=\"post-4092\" class=\"post-4092 post type-post status-publish format-standard has-post-thumbnail hentry category-aktuelles\">\n\t<div class=\"blog-list-content\">\n\t\t\t\t<div class=\"post-content-image\">\n\t\t\t<a href=\"https:\/\/www2.cms.hu-berlin.de\/queer-reading\/midterm-workshop\/\">\n\t\t\t\t\t<div class=\"blog-featured-image  tp-cst-img-full img\">\n\t<span class=\"thumb-wrap\">\n\t\t<img loading=\"lazy\" decoding=\"async\" width=\"700\" height=\"700\" src=\"https:\/\/www2.cms.hu-berlin.de\/queer-reading\/wp-content\/uploads\/2025\/01\/Workshop-II-700x700.png\" class=\"attachment-tp-image-grid size-tp-image-grid\" alt=\"\" srcset=\"https:\/\/www2.cms.hu-berlin.de\/queer-reading\/wp-content\/uploads\/2025\/01\/Workshop-II-700x700.png 700w, https:\/\/www2.cms.hu-berlin.de\/queer-reading\/wp-content\/uploads\/2025\/01\/Workshop-II-150x150.png 150w\" sizes=\"(max-width: 700px) 100vw, 700px\" \/>\t<\/span>\n\t<\/div>\n\t\t\t<\/a>\n\t\t\t\t\t<\/div>\n\t\t\t\t<div class=\"post-content-bottom\">\n\t\t\t\t\t\t<div class=\"post-metro-content\">\n\t\t\t\t<h3 class=\"post-title\">\n\t<a href=\"https:\/\/www2.cms.hu-berlin.de\/queer-reading\/midterm-workshop\/\" class=\"normal\">Midterm-Workshop<\/a>\n<\/h3>\n\t\t\t\t\t\t\t\t\t\t\t\t\t<div class=\"post-meta-info style-1\"><span class=\"meta-date\"><a href=\"https:\/\/www2.cms.hu-berlin.de\/queer-reading\/midterm-workshop\/\"><span class=\"entry-date\">22. Januar 2025<\/span><\/a><\/span>\n<\/div>\t\t\t\t\t\t\t<\/div>\n\t\t<\/div>\n\t\t\t\t\t<\/div>\n<\/article>\n<\/div><div class=\"grid-item metro-item  tp-col-lg-4 tp-col-md-4 tp-col-sm-12 tp-col-12  \"><article id=\"post-4058\" class=\"post-4058 post type-post status-publish format-standard has-post-thumbnail hentry category-aktuelles\">\n\t<div class=\"blog-list-content\">\n\t\t\t\t<div class=\"post-content-image\">\n\t\t\t<a href=\"https:\/\/www2.cms.hu-berlin.de\/queer-reading\/09-12-24-1915-uhr-buchvorstellung\/\">\n\t\t\t\t\t<div class=\"blog-featured-image  tp-cst-img-full img\">\n\t<span class=\"thumb-wrap\">\n\t\t<img loading=\"lazy\" decoding=\"async\" width=\"700\" height=\"700\" src=\"https:\/\/www2.cms.hu-berlin.de\/queer-reading\/wp-content\/uploads\/2024\/12\/Buchvorstellung_Queere_Klassenpolitiken_lesbische_Zeitlichkeiten_de-001-700x700.jpg\" class=\"attachment-tp-image-grid size-tp-image-grid\" alt=\"\" srcset=\"https:\/\/www2.cms.hu-berlin.de\/queer-reading\/wp-content\/uploads\/2024\/12\/Buchvorstellung_Queere_Klassenpolitiken_lesbische_Zeitlichkeiten_de-001-700x700.jpg 700w, https:\/\/www2.cms.hu-berlin.de\/queer-reading\/wp-content\/uploads\/2024\/12\/Buchvorstellung_Queere_Klassenpolitiken_lesbische_Zeitlichkeiten_de-001-150x150.jpg 150w\" sizes=\"(max-width: 700px) 100vw, 700px\" \/>\t<\/span>\n\t<\/div>\n\t\t\t<\/a>\n\t\t\t\t\t<\/div>\n\t\t\t\t<div class=\"post-content-bottom\">\n\t\t\t\t\t\t<div class=\"post-metro-content\">\n\t\t\t\t<h3 class=\"post-title\">\n\t<a href=\"https:\/\/www2.cms.hu-berlin.de\/queer-reading\/09-12-24-1915-uhr-buchvorstellung\/\" class=\"normal\">09.12.24 | 19:15 Uhr | Buchvorstellung<\/a>\n<\/h3>\n\t\t\t\t\t\t\t\t\t\t\t\t\t<div class=\"post-meta-info style-1\"><span class=\"meta-date\"><a href=\"https:\/\/www2.cms.hu-berlin.de\/queer-reading\/09-12-24-1915-uhr-buchvorstellung\/\"><span class=\"entry-date\">6. Dezember 2024<\/span><\/a><\/span>\n<\/div>\t\t\t\t\t\t\t<\/div>\n\t\t<\/div>\n\t\t\t\t\t<\/div>\n<\/article>\n<\/div><\/div><div class=\"theplus-pagination\"><span class=\"current\">1<\/span><a href='https:\/\/www2.cms.hu-berlin.de\/queer-reading\/wp-json\/wp\/v2\/pages\/1492\/page\/2\/' class=\"inactive\">2<\/a><a href='https:\/\/www2.cms.hu-berlin.de\/queer-reading\/wp-json\/wp\/v2\/pages\/1492\/page\/3\/' class=\"inactive\">3<\/a><a class='paginate-next' href='https:\/\/www2.cms.hu-berlin.de\/queer-reading\/wp-json\/wp\/v2\/pages\/1492\/page\/2\/'>N\u00e4chste Seite  <i class='fas fa-long-arrow-alt-right' aria-hidden='true'><\/i><\/a><\/div>\n<\/div>\t\t\t\t<\/div>\n\t\t\t\t\t<\/div>\n\t\t\t\t<\/div>\n\t\t\t\t<\/div>\n\t\t","protected":false},"excerpt":{"rendered":"<p>Archiv Neuerscheinung: Queere j\u00fcdische Gedichte und Geschichten 18. M\u00e4rz 2024 07.02.24 | Gastvortrag Prof. Dr. Jenny Bj\u00f6rklund 23. Januar 2024 26.01.24 | Kick-off-Workshop 22. Dezember 2023<\/p>\n","protected":false},"author":1,"featured_media":0,"parent":0,"menu_order":0,"comment_status":"closed","ping_status":"closed","template":"","meta":{"footnotes":""},"class_list":["post-1492","page","type-page","status-publish","hentry"],"_links":{"self":[{"href":"https:\/\/www2.cms.hu-berlin.de\/queer-reading\/wp-json\/wp\/v2\/pages\/1492","targetHints":{"allow":["GET"]}}],"collection":[{"href":"https:\/\/www2.cms.hu-berlin.de\/queer-reading\/wp-json\/wp\/v2\/pages"}],"about":[{"href":"https:\/\/www2.cms.hu-berlin.de\/queer-reading\/wp-json\/wp\/v2\/types\/page"}],"author":[{"embeddable":true,"href":"https:\/\/www2.cms.hu-berlin.de\/queer-reading\/wp-json\/wp\/v2\/users\/1"}],"replies":[{"embeddable":true,"href":"https:\/\/www2.cms.hu-berlin.de\/queer-reading\/wp-json\/wp\/v2\/comments?post=1492"}],"version-history":[{"count":7,"href":"https:\/\/www2.cms.hu-berlin.de\/queer-reading\/wp-json\/wp\/v2\/pages\/1492\/revisions"}],"predecessor-version":[{"id":1546,"href":"https:\/\/www2.cms.hu-berlin.de\/queer-reading\/wp-json\/wp\/v2\/pages\/1492\/revisions\/1546"}],"wp:attachment":[{"href":"https:\/\/www2.cms.hu-berlin.de\/queer-reading\/wp-json\/wp\/v2\/media?parent=1492"}],"curies":[{"name":"wp","href":"https:\/\/api.w.org\/{rel}","templated":true}]}}